{"id":126,"date":"2024-05-13T23:37:28","date_gmt":"2024-05-13T23:37:28","guid":{"rendered":"https:\/\/saudadeflores.com\/minha-conta\/"},"modified":"2024-08-06T12:20:46","modified_gmt":"2024-08-06T12:20:46","slug":"minha-conta","status":"publish","type":"page","link":"https:\/\/saudadeflores.com\/en\/minha-conta\/","title":{"rendered":"A minha conta"},"content":{"rendered":"<style>.elementor-126 .elementor-element.elementor-element-92e7533{--display:flex;--flex-direction:column;--container-widget-width:100%;--container-widget-height:initial;--container-widget-flex-grow:0;--container-widget-align-self:initial;--flex-wrap-mobile:wrap;--overlay-opacity:1;--padding-top:5em;--padding-bottom:5em;--padding-left:0em;--padding-right:0em;}.elementor-126 .elementor-element.elementor-element-92e7533:not(.elementor-motion-effects-element-type-background), .elementor-126 .elementor-element.elementor-element-92e7533 > .elementor-motion-effects-container > .elementor-motion-effects-layer{background-color:#0D281A;background-image:url(\"https:\/\/saudadeflores.com\/wp-content\/uploads\/2024\/05\/casamento-min.jpg\");background-position:bottom center;background-repeat:no-repeat;background-size:cover;}.elementor-126 .elementor-element.elementor-element-92e7533::before, .elementor-126 .elementor-element.elementor-element-92e7533 > .elementor-background-video-container::before, .elementor-126 .elementor-element.elementor-element-92e7533 > .e-con-inner > .elementor-background-video-container::before, .elementor-126 .elementor-element.elementor-element-92e7533 > .elementor-background-slideshow::before, .elementor-126 .elementor-element.elementor-element-92e7533 > .e-con-inner > .elementor-background-slideshow::before, .elementor-126 .elementor-element.elementor-element-92e7533 > .elementor-motion-effects-container > .elementor-motion-effects-layer::before{--background-overlay:'';background-color:#0D281A80;}.elementor-126 .elementor-element.elementor-element-ebaa572{--display:flex;}.elementor-126 .elementor-element.elementor-element-02de541{text-align:center;}.elementor-126 .elementor-element.elementor-element-02de541 .elementor-heading-title{font-family:\"Montserrat\", Sans-serif;font-size:48px;font-weight:800;color:#FFFFFF;}.elementor-126 .elementor-element.elementor-element-30802dfb{--display:flex;--padding-top:3em;--padding-bottom:3em;--padding-left:0em;--padding-right:0em;}.elementor-126 .elementor-element.elementor-element-6dc6951{--tab-content-spacing:32px;--tabs-normal-color:var( --e-global-color-secondary );--tabs-hover-color:#FFFFFF;--tabs-active-color:#FFFFFF;--tabs-border-radius:24px 24px 24px 24px;--tabs-spacing:8px;--tabs-divider-weight:0px;--sections-background-color:#FFFFFF;--sections-border-type:none;--general-text-color:var( --e-global-color-secondary );--login-messages-color:var( --e-global-color-d49ac81 );--checkboxes-color:var( --e-global-color-secondary );--links-normal-color:var( --e-global-color-d49ac81 );--links-hover-color:var( --e-global-color-d49ac81 );--forms-buttons-normal-text-color:var( --e-global-color-text );--forms-buttons-border-radius:24px 24px 24px 24px;--tables-title-color:var( --e-global-color-secondary );}.elementor-126 .elementor-element.elementor-element-6dc6951 .e-my-account-tab .woocommerce .woocommerce-MyAccount-navigation ul li a{font-family:\"Montserrat\", Sans-serif;text-transform:none;font-style:normal;text-decoration:none;}.elementor-126 .elementor-element.elementor-element-6dc6951 .e-my-account-tab .woocommerce .woocommerce-MyAccount-navigation ul li:not(.is-active) a{background-color:#F3FDF8;}.elementor-126 .elementor-element.elementor-element-6dc6951 .e-my-account-tab .woocommerce .woocommerce-MyAccount-navigation ul li a:hover{background-color:var( --e-global-color-d49ac81 );}.elementor-126 .elementor-element.elementor-element-6dc6951 .e-my-account-tab .woocommerce .woocommerce-MyAccount-navigation ul li.is-active a{background-color:var( --e-global-color-secondary );}.elementor-126 .elementor-element.elementor-element-6dc6951 .e-my-account-tab:not(.e-my-account-tab__dashboard--custom) h2, .elementor-126 .elementor-element.elementor-element-6dc6951 .e-my-account-tab:not(.e-my-account-tab__dashboard--custom) h3{font-family:\"Montserrat\", Sans-serif;}.elementor-126 .elementor-element.elementor-element-6dc6951 .woocommerce-MyAccount-content > div > p, .elementor-126 .elementor-element.elementor-element-6dc6951 address, .elementor-126 .elementor-element.elementor-element-6dc6951 .woocommerce-EditAccountForm fieldset legend, .elementor-126 .elementor-element.elementor-element-6dc6951 .woocommerce-ResetPassword p:nth-child(1), .elementor-126 .elementor-element.elementor-element-6dc6951 .woocommerce-OrderUpdate{font-family:\"Montserrat\", Sans-serif;}.elementor-126 .elementor-element.elementor-element-6dc6951 .woocommerce-form-row label, .elementor-126 .elementor-element.elementor-element-6dc6951 .woocommerce-address-fields label{font-family:\"Montserrat\", Sans-serif;}.elementor-126 .elementor-element.elementor-element-6dc6951 .e-my-account-tab:not(.e-my-account-tab__dashboard--custom) .woocommerce .form-row .input-text, .elementor-126 .elementor-element.elementor-element-6dc6951 .e-my-account-tab:not(.e-my-account-tab__dashboard--custom) .woocommerce .form-row select, .elementor-126 .elementor-element.elementor-element-6dc6951 ::placeholder, .elementor-126 .elementor-element.elementor-element-6dc6951 .select2-container--default .select2-selection--single, .select2-results__option, .elementor-126 .elementor-element.elementor-element-6dc6951 .e-my-account-tab__payment-methods input[type=text]{font-family:\"Montserrat\", Sans-serif;}.elementor-126 .elementor-element.elementor-element-6dc6951 button.button, .elementor-126 .elementor-element.elementor-element-6dc6951 #add_payment_method #payment #place_order{font-family:\"Montserrat\", Sans-serif;}.elementor-126 .elementor-element.elementor-element-6dc6951 .e-my-account-tab:not(.e-my-account-tab__dashboard--custom) .woocommerce-EditAccountForm .button, .elementor-126 .elementor-element.elementor-element-6dc6951 .e-my-account-tab:not(.e-my-account-tab__dashboard--custom) .woocommerce-address-fields .button, .elementor-126 .elementor-element.elementor-element-6dc6951 .e-my-account-tab:not(.e-my-account-tab__dashboard--custom) .woocommerce .login .button, .elementor-126 .elementor-element.elementor-element-6dc6951 .e-my-account-tab:not(.e-my-account-tab__dashboard--custom) .woocommerce .register .button, .elementor-126 .elementor-element.elementor-element-6dc6951 .e-my-account-tab:not(.e-my-account-tab__dashboard--custom) .woocommerce .woocommerce-ResetPassword .button, .elementor-126 .elementor-element.elementor-element-6dc6951 #add_payment_method #payment #place_order{background-color:var( --e-global-color-d49ac81 );}.elementor-126 .elementor-element.elementor-element-6dc6951 .e-my-account-tab:not(.e-my-account-tab__dashboard--custom) .woocommerce-EditAccountForm .button:hover, .elementor-126 .elementor-element.elementor-element-6dc6951 .e-my-account-tab:not(.e-my-account-tab__dashboard--custom) .woocommerce-address-fields .button:hover, .elementor-126 .elementor-element.elementor-element-6dc6951 .e-my-account-tab:not(.e-my-account-tab__dashboard--custom) .woocommerce .login .button:hover, .elementor-126 .elementor-element.elementor-element-6dc6951 .e-my-account-tab:not(.e-my-account-tab__dashboard--custom) .woocommerce .register .button:hover, .elementor-126 .elementor-element.elementor-element-6dc6951 .e-my-account-tab:not(.e-my-account-tab__dashboard--custom) .woocommerce .woocommerce-ResetPassword .button:hover, .elementor-126 .elementor-element.elementor-element-6dc6951 #add_payment_method #payment #place_order:hover{background-color:var( --e-global-color-332724a );}.elementor-126 .elementor-element.elementor-element-6dc6951 .order_details thead th, .elementor-126 .elementor-element.elementor-element-6dc6951 .order_details tfoot td, .elementor-126 .elementor-element.elementor-element-6dc6951 .order_details tfoot th, .elementor-126 .elementor-element.elementor-element-6dc6951 .nobr{font-family:\"Montserrat\", Sans-serif;}.elementor-126 .elementor-element.elementor-element-6dc6951 .e-my-account-tab__orders tbody td, .elementor-126 .elementor-element.elementor-element-6dc6951 .e-my-account-tab__downloads tbody td, .elementor-126 .elementor-element.elementor-element-6dc6951 .e-my-account-tab:not(.e-my-account-tab__dashboard--custom) .woocommerce .product-quantity, .elementor-126 .elementor-element.elementor-element-6dc6951 .woocommerce-table--order-downloads tbody td, .elementor-126 .elementor-element.elementor-element-6dc6951 .woocommerce-table--order-details td a, .elementor-126 .elementor-element.elementor-element-6dc6951 td.product-total, .elementor-126 .elementor-element.elementor-element-6dc6951 td.payment-method-method, .elementor-126 .elementor-element.elementor-element-6dc6951 td.payment-method-expires{font-family:\"Montserrat\", Sans-serif;}.elementor-126 .elementor-element.elementor-element-6dc6951 .wc-item-meta{font-family:\"Montserrat\", Sans-serif;}:root{--page-title-display:none;}<\/style>\t\t<div data-elementor-type=\"wp-page\" data-elementor-id=\"126\" class=\"elementor elementor-126\" data-elementor-post-type=\"page\">\n\t\t\t\t<div class=\"elementor-element elementor-element-92e7533 e-flex e-con-boxed e-con e-parent\" data-id=\"92e7533\" data-element_type=\"container\" data-e-type=\"container\" data-settings=\"{&quot;background_background&quot;:&quot;classic&quot;,&quot;background_motion_fx_motion_fx_scrolling&quot;:&quot;yes&quot;,&quot;background_motion_fx_translateY_effect&quot;:&quot;yes&quot;,&quot;background_motion_fx_translateY_speed&quot;:{&quot;unit&quot;:&quot;px&quot;,&quot;size&quot;:10,&quot;sizes&quot;:[]},&quot;background_motion_fx_devices&quot;:[&quot;desktop&quot;,&quot;tablet&quot;],&quot;background_motion_fx_translateY_affectedRange&quot;:{&quot;unit&quot;:&quot;%&quot;,&quot;size&quot;:&quot;&quot;,&quot;sizes&quot;:{&quot;start&quot;:0,&quot;end&quot;:100}}}\">\n\t\t\t\t\t<div class=\"e-con-inner\">\n\t\t<div class=\"elementor-element elementor-element-ebaa572 e-flex e-con-boxed e-con e-child\" data-id=\"ebaa572\" data-element_type=\"container\" data-e-type=\"container\">\n\t\t\t\t\t<div class=\"e-con-inner\">\n\t\t\t\t<div class=\"elementor-element elementor-element-02de541 elementor-widget elementor-widget-heading\" data-id=\"02de541\" data-element_type=\"widget\" data-e-type=\"widget\" data-widget_type=\"heading.default\">\n\t\t\t\t<div class=\"elementor-widget-container\">\n\t\t\t\t\t<h1 class=\"elementor-heading-title elementor-size-default\">A minha conta<\/h1>\t\t\t\t<\/div>\n\t\t\t\t<\/div>\n\t\t\t\t\t<\/div>\n\t\t\t\t<\/div>\n\t\t\t\t\t<\/div>\n\t\t\t\t<\/div>\n\t\t<div class=\"elementor-element elementor-element-30802dfb e-flex e-con-boxed e-con e-parent\" data-id=\"30802dfb\" data-element_type=\"container\" data-e-type=\"container\">\n\t\t\t\t\t<div class=\"e-con-inner\">\n\t\t\t\t<div class=\"elementor-element elementor-element-6dc6951 e-my-account-tabs-vertical elementor-widget elementor-widget-woocommerce-my-account\" data-id=\"6dc6951\" data-element_type=\"widget\" data-e-type=\"widget\" data-settings=\"{&quot;customize_dashboard_check&quot;:&quot;yes&quot;}\" data-widget_type=\"woocommerce-my-account.default\">\n\t\t\t\t<div class=\"elementor-widget-container\">\n\t\t\t\t\t<div class=\"e-my-account-tab e-my-account-tab__ \">\t\t\t<div class=\"woocommerce\"><div class=\"woocommerce-notices-wrapper\"><\/div>\n\n<div class=\"u-columns col2-set\" id=\"customer_login\">\n\n\t<div class=\"u-column1 col-1\">\n\n\n\t\t<h2>Login<\/h2>\n\n\t\t<form class=\"woocommerce-form woocommerce-form-login login\" method=\"post\" novalidate>\n\n\t\t\t\n\t\t\t<p class=\"woocommerce-form-row woocommerce-form-row--wide form-row form-row-wide\">\n\t\t\t\t<label for=\"username\">Username or email address&nbsp;<span class=\"required\" aria-hidden=\"true\">*<\/span><span class=\"screen-reader-text\">Required<\/span><\/label>\n\t\t\t\t<input type=\"text\" class=\"woocommerce-Input woocommerce-Input--text input-text\" name=\"username\" id=\"username\" autocomplete=\"username\" value=\"\" required aria-required=\"true\" \/>\t\t\t<\/p>\n\t\t\t<p class=\"woocommerce-form-row woocommerce-form-row--wide form-row form-row-wide\">\n\t\t\t\t<label for=\"password\">Password&nbsp;<span class=\"required\" aria-hidden=\"true\">*<\/span><span class=\"screen-reader-text\">Required<\/span><\/label>\n\t\t\t\t<input class=\"woocommerce-Input woocommerce-Input--text input-text\" type=\"password\" name=\"password\" id=\"password\" autocomplete=\"current-password\" required aria-required=\"true\" \/>\n\t\t\t<\/p>\n\n\t\t\t\n\t\t\t<p class=\"form-row\">\n\t\t\t\t<label class=\"woocommerce-form__label woocommerce-form__label-for-checkbox woocommerce-form-login__rememberme\">\n\t\t\t\t\t<input class=\"woocommerce-form__input woocommerce-form__input-checkbox\" name=\"rememberme\" type=\"checkbox\" id=\"rememberme\" value=\"forever\" \/> <span>Remember me<\/span>\n\t\t\t\t<\/label>\n\t\t\t\t<input type=\"hidden\" id=\"woocommerce-login-nonce\" name=\"woocommerce-login-nonce\" value=\"8a32a082b4\" \/><input type=\"hidden\" name=\"_wp_http_referer\" value=\"\/en\/wp-json\/wp\/v2\/pages\/126\" \/>\t\t\t\t<button type=\"submit\" class=\"woocommerce-button button woocommerce-form-login__submit\" name=\"login\" value=\"Log in\">Log in<\/button>\n\t\t\t<\/p>\n\t\t\t<p class=\"woocommerce-LostPassword lost_password\">\n\t\t\t\t<a href=\"https:\/\/saudadeflores.com\/en\/minha-conta\/lost-password\/\">Lost your password?<\/a>\n\t\t\t<\/p>\n\n\t\t\t\n\t\t<\/form>\n\n\n\t<\/div>\n\n\t<div class=\"u-column2 col-2\">\n\n\t\t<h2>Register<\/h2>\n\n\t\t<form method=\"post\" class=\"woocommerce-form woocommerce-form-register register\"  >\n\n\t\t\t\n\t\t\t\n\t\t\t<p class=\"woocommerce-form-row woocommerce-form-row--wide form-row form-row-wide\">\n\t\t\t\t<label for=\"reg_email\">Email address&nbsp;<span class=\"required\" aria-hidden=\"true\">*<\/span><span class=\"screen-reader-text\">Required<\/span><\/label>\n\t\t\t\t<input type=\"email\" class=\"woocommerce-Input woocommerce-Input--text input-text\" name=\"email\" id=\"reg_email\" autocomplete=\"email\" value=\"\" required aria-required=\"true\" \/>\t\t\t<\/p>\n\n\t\t\t\n\t\t\t\t<p>A link to set a new password will be sent to your email address.<\/p>\n\n\t\t\t\n\t\t\t<wc-order-attribution-inputs><\/wc-order-attribution-inputs><div class=\"woocommerce-privacy-policy-text\"><p>Os seus dados pessoais ser\u00e3o utilizados para melhorar a sua experi\u00eancia por toda a loja, para gerir o acesso \u00e0 sua conta e para os prop\u00f3sitos descritos na nossa <a href=\"https:\/\/saudadeflores.com\/en\/politica-de-privacidade\/\" class=\"woocommerce-privacy-policy-link\" target=\"_blank\">privacy policy<\/a>.<\/p>\n<\/div>\n\t\t\t<p class=\"woocommerce-form-row form-row\">\n\t\t\t\t<input type=\"hidden\" id=\"woocommerce-register-nonce\" name=\"woocommerce-register-nonce\" value=\"627e44677b\" \/><input type=\"hidden\" name=\"_wp_http_referer\" value=\"\/en\/wp-json\/wp\/v2\/pages\/126\" \/>\t\t\t\t<button type=\"submit\" class=\"woocommerce-Button woocommerce-button button woocommerce-form-register__submit\" name=\"register\" value=\"Register\">Register<\/button>\n\t\t\t<\/p>\n\n\t\t\t\n\t\t<\/form>\n\n\t<\/div>\n\n<\/div>\n\n<\/div>\t\t<\/div>\n\t\t\t\t\t\t<\/div>\n\t\t\t\t<\/div>\n\t\t\t\t\t<\/div>\n\t\t\t\t<\/div>\n\t\t\t\t<\/div>\n\t\t","protected":false},"excerpt":{"rendered":"<p>A minha conta Dashboard Encomendas Downloads Moradas M\u00e9todos de Pagamento Informa\u00e7\u00f5es da Conta Logout Ol\u00e1 Camila Bluebolt (n\u00e3o \u00e9 Camila Bluebolt? Sair) No painel da sua conta pode ver as encomendas mais recentes, gerir as moradas de envio e de factura\u00e7\u00e3o e editar os detalhes e a senha da conta.<\/p>","protected":false},"author":2096,"featured_media":0,"parent":0,"menu_order":0,"comment_status":"closed","ping_status":"closed","template":"","meta":{"_uf_show_specific_survey":0,"_uf_disable_surveys":false,"footnotes":""},"class_list":["post-126","page","type-page","status-publish","hentry"],"aioseo_notices":[],"yoast_head":"<!-- This site is optimized with the Yoast SEO plugin v27.4 - https:\/\/yoast.com\/product\/yoast-seo-wordpress\/ -->\n<title>A minha conta - Saudade Flores<\/title>\n<meta name=\"robots\" content=\"index, follow, max-snippet:-1, max-image-preview:large, max-video-preview:-1\" \/>\n<link rel=\"canonical\" href=\"https:\/\/saudadeflores.com\/en\/minha-conta\/\" \/>\n<meta property=\"og:locale\" content=\"en_GB\" \/>\n<meta property=\"og:type\" content=\"article\" \/>\n<meta property=\"og:title\" content=\"A minha conta - Saudade Flores\" \/>\n<meta property=\"og:description\" content=\"A minha conta Dashboard Encomendas Downloads Moradas M\u00e9todos de Pagamento Informa\u00e7\u00f5es da Conta Logout Ol\u00e1 Camila Bluebolt (n\u00e3o \u00e9 Camila Bluebolt? Sair) No painel da sua conta pode ver as encomendas mais recentes, gerir as moradas de envio e de factura\u00e7\u00e3o e editar os detalhes e a senha da conta.\" \/>\n<meta property=\"og:url\" content=\"https:\/\/saudadeflores.com\/en\/minha-conta\/\" \/>\n<meta property=\"og:site_name\" content=\"Saudade Flores\" \/>\n<meta property=\"article:publisher\" content=\"https:\/\/www.facebook.com\/saudadefloresfrescas\/\" \/>\n<meta property=\"article:modified_time\" content=\"2024-08-06T12:20:46+00:00\" \/>\n<meta name=\"twitter:card\" content=\"summary_large_image\" \/>\n<meta name=\"twitter:label1\" content=\"Estimated reading time\" \/>\n\t<meta name=\"twitter:data1\" content=\"2 minutes\" \/>\n<script type=\"application\/ld+json\" class=\"yoast-schema-graph\">{\"@context\":\"https:\\\/\\\/schema.org\",\"@graph\":[{\"@type\":\"WebPage\",\"@id\":\"https:\\\/\\\/saudadeflores.com\\\/minha-conta\\\/\",\"url\":\"https:\\\/\\\/saudadeflores.com\\\/minha-conta\\\/\",\"name\":\"A minha conta - Saudade Flores\",\"isPartOf\":{\"@id\":\"https:\\\/\\\/saudadeflores.com\\\/#website\"},\"datePublished\":\"2024-05-13T23:37:28+00:00\",\"dateModified\":\"2024-08-06T12:20:46+00:00\",\"breadcrumb\":{\"@id\":\"https:\\\/\\\/saudadeflores.com\\\/minha-conta\\\/#breadcrumb\"},\"inLanguage\":\"en-GB\",\"potentialAction\":[{\"@type\":\"ReadAction\",\"target\":[\"https:\\\/\\\/saudadeflores.com\\\/minha-conta\\\/\"]}]},{\"@type\":\"BreadcrumbList\",\"@id\":\"https:\\\/\\\/saudadeflores.com\\\/minha-conta\\\/#breadcrumb\",\"itemListElement\":[{\"@type\":\"ListItem\",\"position\":1,\"name\":\"In\u00edcio\",\"item\":\"https:\\\/\\\/saudadeflores.com\\\/\"},{\"@type\":\"ListItem\",\"position\":2,\"name\":\"A minha conta\"}]},{\"@type\":\"WebSite\",\"@id\":\"https:\\\/\\\/saudadeflores.com\\\/#website\",\"url\":\"https:\\\/\\\/saudadeflores.com\\\/\",\"name\":\"Saudade Flores\",\"description\":\"Florista\",\"publisher\":{\"@id\":\"https:\\\/\\\/saudadeflores.com\\\/#organization\"},\"potentialAction\":[{\"@type\":\"SearchAction\",\"target\":{\"@type\":\"EntryPoint\",\"urlTemplate\":\"https:\\\/\\\/saudadeflores.com\\\/?s={search_term_string}\"},\"query-input\":{\"@type\":\"PropertyValueSpecification\",\"valueRequired\":true,\"valueName\":\"search_term_string\"}}],\"inLanguage\":\"en-GB\"},{\"@type\":\"Organization\",\"@id\":\"https:\\\/\\\/saudadeflores.com\\\/#organization\",\"name\":\"Saudade Flores\",\"url\":\"https:\\\/\\\/saudadeflores.com\\\/\",\"logo\":{\"@type\":\"ImageObject\",\"inLanguage\":\"en-GB\",\"@id\":\"https:\\\/\\\/saudadeflores.com\\\/#\\\/schema\\\/logo\\\/image\\\/\",\"url\":\"\",\"contentUrl\":\"\",\"caption\":\"Saudade Flores\"},\"image\":{\"@id\":\"https:\\\/\\\/saudadeflores.com\\\/#\\\/schema\\\/logo\\\/image\\\/\"},\"sameAs\":[\"https:\\\/\\\/www.facebook.com\\\/saudadefloresfrescas\\\/\",\"https:\\\/\\\/www.instagram.com\\\/saudadeflores\\\/\"]}]}<\/script>\n<!-- \/ Yoast SEO plugin. -->","yoast_head_json":{"title":"A minha conta - Saudade Flores","robots":{"index":"index","follow":"follow","max-snippet":"max-snippet:-1","max-image-preview":"max-image-preview:large","max-video-preview":"max-video-preview:-1"},"canonical":"https:\/\/saudadeflores.com\/en\/minha-conta\/","og_locale":"en_GB","og_type":"article","og_title":"A minha conta - Saudade Flores","og_description":"A minha conta Dashboard Encomendas Downloads Moradas M\u00e9todos de Pagamento Informa\u00e7\u00f5es da Conta Logout Ol\u00e1 Camila Bluebolt (n\u00e3o \u00e9 Camila Bluebolt? Sair) No painel da sua conta pode ver as encomendas mais recentes, gerir as moradas de envio e de factura\u00e7\u00e3o e editar os detalhes e a senha da conta.","og_url":"https:\/\/saudadeflores.com\/en\/minha-conta\/","og_site_name":"Saudade Flores","article_publisher":"https:\/\/www.facebook.com\/saudadefloresfrescas\/","article_modified_time":"2024-08-06T12:20:46+00:00","twitter_card":"summary_large_image","twitter_misc":{"Estimated reading time":"2 minutes"},"schema":{"@context":"https:\/\/schema.org","@graph":[{"@type":"WebPage","@id":"https:\/\/saudadeflores.com\/minha-conta\/","url":"https:\/\/saudadeflores.com\/minha-conta\/","name":"A minha conta - Saudade Flores","isPartOf":{"@id":"https:\/\/saudadeflores.com\/#website"},"datePublished":"2024-05-13T23:37:28+00:00","dateModified":"2024-08-06T12:20:46+00:00","breadcrumb":{"@id":"https:\/\/saudadeflores.com\/minha-conta\/#breadcrumb"},"inLanguage":"en-GB","potentialAction":[{"@type":"ReadAction","target":["https:\/\/saudadeflores.com\/minha-conta\/"]}]},{"@type":"BreadcrumbList","@id":"https:\/\/saudadeflores.com\/minha-conta\/#breadcrumb","itemListElement":[{"@type":"ListItem","position":1,"name":"In\u00edcio","item":"https:\/\/saudadeflores.com\/"},{"@type":"ListItem","position":2,"name":"A minha conta"}]},{"@type":"WebSite","@id":"https:\/\/saudadeflores.com\/#website","url":"https:\/\/saudadeflores.com\/","name":"Saudade Flores","description":"Florista","publisher":{"@id":"https:\/\/saudadeflores.com\/#organization"},"potentialAction":[{"@type":"SearchAction","target":{"@type":"EntryPoint","urlTemplate":"https:\/\/saudadeflores.com\/?s={search_term_string}"},"query-input":{"@type":"PropertyValueSpecification","valueRequired":true,"valueName":"search_term_string"}}],"inLanguage":"en-GB"},{"@type":"Organization","@id":"https:\/\/saudadeflores.com\/#organization","name":"Saudade Flores","url":"https:\/\/saudadeflores.com\/","logo":{"@type":"ImageObject","inLanguage":"en-GB","@id":"https:\/\/saudadeflores.com\/#\/schema\/logo\/image\/","url":"","contentUrl":"","caption":"Saudade Flores"},"image":{"@id":"https:\/\/saudadeflores.com\/#\/schema\/logo\/image\/"},"sameAs":["https:\/\/www.facebook.com\/saudadefloresfrescas\/","https:\/\/www.instagram.com\/saudadeflores\/"]}]}},"_links":{"self":[{"href":"https:\/\/saudadeflores.com\/en\/wp-json\/wp\/v2\/pages\/126","targetHints":{"allow":["GET"]}}],"collection":[{"href":"https:\/\/saudadeflores.com\/en\/wp-json\/wp\/v2\/pages"}],"about":[{"href":"https:\/\/saudadeflores.com\/en\/wp-json\/wp\/v2\/types\/page"}],"author":[{"embeddable":true,"href":"https:\/\/saudadeflores.com\/en\/wp-json\/wp\/v2\/users\/2096"}],"replies":[{"embeddable":true,"href":"https:\/\/saudadeflores.com\/en\/wp-json\/wp\/v2\/comments?post=126"}],"version-history":[{"count":0,"href":"https:\/\/saudadeflores.com\/en\/wp-json\/wp\/v2\/pages\/126\/revisions"}],"wp:attachment":[{"href":"https:\/\/saudadeflores.com\/en\/wp-json\/wp\/v2\/media?parent=126"}],"curies":[{"name":"wp","href":"https:\/\/api.w.org\/{rel}","templated":true}]}}