{"id":202,"date":"2024-05-16T09:26:32","date_gmt":"2024-05-16T09:26:32","guid":{"rendered":"https:\/\/saudadeflores.com\/?page_id=202"},"modified":"2026-04-08T15:58:23","modified_gmt":"2026-04-08T14:58:23","slug":"sobre-nos","status":"publish","type":"page","link":"https:\/\/saudadeflores.com\/en\/sobre-nos\/","title":{"rendered":"About us"},"content":{"rendered":"<style>.elementor-202 .elementor-element.elementor-element-709f4df0 > .elementor-container{max-width:720px;}.elementor-202 .elementor-element.elementor-element-709f4df0:not(.elementor-motion-effects-element-type-background), .elementor-202 .elementor-element.elementor-element-709f4df0 > .elementor-motion-effects-container > .elementor-motion-effects-layer{background-color:var( --e-global-color-044b931 );background-image:url(\"https:\/\/saudadeflores.com\/wp-content\/uploads\/2024\/05\/66-IMG_4779-scaled.jpg\");background-position:bottom center;background-repeat:no-repeat;background-size:cover;}.elementor-202 .elementor-element.elementor-element-709f4df0 > .elementor-background-overlay{background-color:#0D281A80;opacity:1;transition:background 0.3s, border-radius 0.3s, opacity 0.3s;}.elementor-202 .elementor-element.elementor-element-709f4df0{transition:background 0.3s, border 0.3s, border-radius 0.3s, box-shadow 0.3s;padding:5em 0em 5em 0em;}.elementor-202 .elementor-element.elementor-element-34f2e55f > .elementor-element-populated{padding:2em 2em 2em 2em;}.elementor-202 .elementor-element.elementor-element-4ba188d5{text-align:center;}.elementor-202 .elementor-element.elementor-element-4ba188d5 .elementor-heading-title{font-family:\"Montserrat\", Sans-serif;font-size:48px;font-weight:800;color:var( --e-global-color-text );}.elementor-202 .elementor-element.elementor-element-6ed4a8e9{text-align:center;}.elementor-202 .elementor-element.elementor-element-6ed4a8e9 .elementor-heading-title{font-family:\"Montserrat\", Sans-serif;font-size:16px;color:var( --e-global-color-text );}.elementor-202 .elementor-element.elementor-element-322dfb1c:not(.elementor-motion-effects-element-type-background), .elementor-202 .elementor-element.elementor-element-322dfb1c > .elementor-motion-effects-container > .elementor-motion-effects-layer{background-image:url(\"https:\/\/saudadeflores.com\/wp-content\/uploads\/2026\/01\/3-1M8A9543-scaled.jpg\");background-position:center center;background-repeat:no-repeat;}.elementor-202 .elementor-element.elementor-element-322dfb1c > .elementor-background-overlay{background-color:transparent;background-image:linear-gradient(204deg, var( --e-global-color-text ) 0%, #204E3600 100%);opacity:1;transition:background 0.3s, border-radius 0.3s, opacity 0.3s;}.elementor-202 .elementor-element.elementor-element-322dfb1c{transition:background 0.3s, border 0.3s, border-radius 0.3s, box-shadow 0.3s;padding:7em 0em 7em 0em;}.elementor-bc-flex-widget .elementor-202 .elementor-element.elementor-element-5465c9d1.elementor-column .elementor-widget-wrap{align-items:center;}.elementor-202 .elementor-element.elementor-element-5465c9d1.elementor-column.elementor-element[data-element_type=\"column\"] > .elementor-widget-wrap.elementor-element-populated{align-content:center;align-items:center;}.elementor-202 .elementor-element.elementor-element-4e431e7{--e-image-carousel-slides-to-show:1;}.elementor-202 .elementor-element.elementor-element-4e431e7 .elementor-image-carousel-wrapper .elementor-image-carousel .swiper-slide-image{border-radius:8px 8px 8px 8px;}.elementor-202 .elementor-element.elementor-element-4e431e7 > .elementor-widget-container{border-radius:8px 8px 8px 8px;}.elementor-202 .elementor-element.elementor-element-7e4e25dd > .elementor-element-populated{padding:3em 3em 3em 3em;}.elementor-202 .elementor-element.elementor-element-234c1203 .elementor-heading-title{font-family:\"Montserrat\", Sans-serif;font-size:32px;font-weight:600;}.elementor-202 .elementor-element.elementor-element-234c1203 > .elementor-widget-container{padding:0em 0em 2em 0em;}.elementor-202 .elementor-element.elementor-element-53d6bd99{font-family:\"Montserrat\", Sans-serif;font-size:16px;font-weight:400;color:#000000;}.elementor-202 .elementor-element.elementor-element-9c5eafe{--display:flex;--flex-direction:row;--container-widget-width:initial;--container-widget-height:100%;--container-widget-flex-grow:1;--container-widget-align-self:stretch;--flex-wrap-mobile:wrap;--padding-top:6em;--padding-bottom:4em;--padding-left:0em;--padding-right:0em;}.elementor-202 .elementor-element.elementor-element-e0d3d42{--display:flex;--margin-top:1em;--margin-bottom:1em;--margin-left:1em;--margin-right:1em;}.elementor-202 .elementor-element.elementor-element-60d3931{--display:flex;--margin-top:1em;--margin-bottom:1em;--margin-left:1em;--margin-right:1em;}.elementor-202 .elementor-element.elementor-element-7118b06{--display:flex;--margin-top:1em;--margin-bottom:1em;--margin-left:1em;--margin-right:1em;}.elementor-202 .elementor-element.elementor-element-dd05383{--display:flex;}:root{--page-title-display:none;}@media(min-width:768px){.elementor-202 .elementor-element.elementor-element-5465c9d1{width:50%;}.elementor-202 .elementor-element.elementor-element-7e4e25dd{width:50%;}}@media(max-width:1024px){.elementor-202 .elementor-element.elementor-element-322dfb1c:not(.elementor-motion-effects-element-type-background), .elementor-202 .elementor-element.elementor-element-322dfb1c > .elementor-motion-effects-container > .elementor-motion-effects-layer{background-size:cover;}.elementor-202 .elementor-element.elementor-element-322dfb1c{padding:3em 0em 3em 0em;}}@media(max-width:767px){.elementor-202 .elementor-element.elementor-element-322dfb1c{padding:2em 0em 2em 0em;}.elementor-202 .elementor-element.elementor-element-7e4e25dd > .elementor-element-populated{padding:2em 2em 2em 2em;}.elementor-202 .elementor-element.elementor-element-e0d3d42{--margin-top:0em;--margin-bottom:2em;--margin-left:0em;--margin-right:0em;}.elementor-202 .elementor-element.elementor-element-60d3931{--margin-top:0em;--margin-bottom:2em;--margin-left:0em;--margin-right:0em;}.elementor-202 .elementor-element.elementor-element-7118b06{--margin-top:0em;--margin-bottom:2em;--margin-left:0em;--margin-right:0em;}}@media(min-width:1025px){.elementor-202 .elementor-element.elementor-element-322dfb1c:not(.elementor-motion-effects-element-type-background), .elementor-202 .elementor-element.elementor-element-322dfb1c > .elementor-motion-effects-container > .elementor-motion-effects-layer{background-attachment:scroll;}}<\/style>\t\t<div data-elementor-type=\"wp-page\" data-elementor-id=\"202\" class=\"elementor elementor-202\" data-elementor-post-type=\"page\">\n\t\t\t\t\t\t<section class=\"elementor-section elementor-top-section elementor-element elementor-element-709f4df0 elementor-section-boxed elementor-section-height-default elementor-section-height-default\" data-id=\"709f4df0\" data-element_type=\"section\" data-e-type=\"section\" data-settings=\"{&quot;background_background&quot;:&quot;classic&quot;,&quot;background_motion_fx_motion_fx_scrolling&quot;:&quot;yes&quot;,&quot;background_motion_fx_translateY_effect&quot;:&quot;yes&quot;,&quot;background_motion_fx_translateY_speed&quot;:{&quot;unit&quot;:&quot;px&quot;,&quot;size&quot;:10,&quot;sizes&quot;:[]},&quot;background_motion_fx_devices&quot;:[&quot;desktop&quot;,&quot;tablet&quot;],&quot;background_motion_fx_translateY_affectedRange&quot;:{&quot;unit&quot;:&quot;%&quot;,&quot;size&quot;:&quot;&quot;,&quot;sizes&quot;:{&quot;start&quot;:0,&quot;end&quot;:100}}}\">\n\t\t\t\t\t\t\t<div class=\"elementor-background-overlay\"><\/div>\n\t\t\t\t\t\t\t<div class=\"elementor-container elementor-column-gap-default\">\n\t\t\t\t\t<div class=\"elementor-column elementor-col-100 elementor-top-column elementor-element elementor-element-34f2e55f\" data-id=\"34f2e55f\" data-element_type=\"column\" data-e-type=\"column\">\n\t\t\t<div class=\"elementor-widget-wrap elementor-element-populated\">\n\t\t\t\t\t\t<div class=\"elementor-element elementor-element-4ba188d5 elementor-widget elementor-widget-heading\" data-id=\"4ba188d5\" data-element_type=\"widget\" data-e-type=\"widget\" data-widget_type=\"heading.default\">\n\t\t\t\t<div class=\"elementor-widget-container\">\n\t\t\t\t\t<h1 class=\"elementor-heading-title elementor-size-default\">Sobre n\u00f3s<\/h1>\t\t\t\t<\/div>\n\t\t\t\t<\/div>\n\t\t\t\t<div class=\"elementor-element elementor-element-6ed4a8e9 elementor-widget elementor-widget-heading\" data-id=\"6ed4a8e9\" data-element_type=\"widget\" data-e-type=\"widget\" data-widget_type=\"heading.default\">\n\t\t\t\t<div class=\"elementor-widget-container\">\n\t\t\t\t\t<h4 class=\"elementor-heading-title elementor-size-default\">quem somos, o que fazemos e o que amamos.<\/h4>\t\t\t\t<\/div>\n\t\t\t\t<\/div>\n\t\t\t\t\t<\/div>\n\t\t<\/div>\n\t\t\t\t\t<\/div>\n\t\t<\/section>\n\t\t\t\t<section class=\"elementor-section elementor-top-section elementor-element elementor-element-322dfb1c elementor-section-boxed elementor-section-height-default elementor-section-height-default\" data-id=\"322dfb1c\" data-element_type=\"section\" data-e-type=\"section\" data-settings=\"{&quot;background_background&quot;:&quot;classic&quot;,&quot;background_motion_fx_motion_fx_scrolling&quot;:&quot;yes&quot;,&quot;background_motion_fx_blur_effect&quot;:&quot;yes&quot;,&quot;background_motion_fx_blur_direction&quot;:&quot;out-in&quot;,&quot;background_motion_fx_blur_level&quot;:{&quot;unit&quot;:&quot;px&quot;,&quot;size&quot;:7,&quot;sizes&quot;:[]},&quot;background_motion_fx_blur_range&quot;:{&quot;unit&quot;:&quot;%&quot;,&quot;size&quot;:&quot;&quot;,&quot;sizes&quot;:{&quot;start&quot;:20,&quot;end&quot;:80}},&quot;background_motion_fx_devices&quot;:[&quot;desktop&quot;,&quot;tablet&quot;,&quot;mobile&quot;]}\">\n\t\t\t\t\t\t\t<div class=\"elementor-background-overlay\"><\/div>\n\t\t\t\t\t\t\t<div class=\"elementor-container elementor-column-gap-default\">\n\t\t\t\t\t<div class=\"elementor-column elementor-col-50 elementor-top-column elementor-element elementor-element-5465c9d1 elementor-invisible\" data-id=\"5465c9d1\" data-element_type=\"column\" data-e-type=\"column\" data-settings=\"{&quot;animation&quot;:&quot;fadeInRight&quot;}\">\n\t\t\t<div class=\"elementor-widget-wrap elementor-element-populated\">\n\t\t\t\t\t\t<div class=\"elementor-element elementor-element-4e431e7 elementor-arrows-position-inside elementor-widget elementor-widget-image-carousel\" data-id=\"4e431e7\" data-element_type=\"widget\" data-e-type=\"widget\" data-settings=\"{&quot;slides_to_show&quot;:&quot;1&quot;,&quot;navigation&quot;:&quot;arrows&quot;,&quot;speed&quot;:511,&quot;autoplay&quot;:&quot;yes&quot;,&quot;pause_on_hover&quot;:&quot;yes&quot;,&quot;pause_on_interaction&quot;:&quot;yes&quot;,&quot;autoplay_speed&quot;:5000,&quot;infinite&quot;:&quot;yes&quot;,&quot;effect&quot;:&quot;slide&quot;}\" data-widget_type=\"image-carousel.default\">\n\t\t\t\t<div class=\"elementor-widget-container\">\n\t\t\t\t\t\t\t<div class=\"elementor-image-carousel-wrapper swiper\" role=\"region\" aria-roledescription=\"carousel\" aria-label=\"Carrossel de imagens\" dir=\"ltr\">\n\t\t\t<div class=\"elementor-image-carousel swiper-wrapper\" aria-live=\"off\">\n\t\t\t\t\t\t\t\t<div class=\"swiper-slide\" role=\"group\" aria-roledescription=\"slide\" aria-label=\"1 of 4\"><figure class=\"swiper-slide-inner\"><img decoding=\"async\" class=\"swiper-slide-image\" src=\"https:\/\/saudadeflores.com\/wp-content\/uploads\/2024\/05\/Ana.png\" alt=\"Ana\" \/><\/figure><\/div><div class=\"swiper-slide\" role=\"group\" aria-roledescription=\"slide\" aria-label=\"2 of 4\"><figure class=\"swiper-slide-inner\"><img decoding=\"async\" class=\"swiper-slide-image\" src=\"https:\/\/saudadeflores.com\/wp-content\/uploads\/2025\/04\/14-IMG_4546-scaled.jpg\" alt=\"14-IMG_4546\" \/><\/figure><\/div><div class=\"swiper-slide\" role=\"group\" aria-roledescription=\"slide\" aria-label=\"3 of 4\"><figure class=\"swiper-slide-inner\"><img decoding=\"async\" class=\"swiper-slide-image\" src=\"https:\/\/saudadeflores.com\/wp-content\/uploads\/2025\/04\/Imagem-WhatsApp-2025-03-26-as-16.48.11_08beab5a-e1743672444729.jpg\" alt=\"Imagem WhatsApp 2025-03-26 \u00e0s 16.48.11_08beab5a\" \/><\/figure><\/div><div class=\"swiper-slide\" role=\"group\" aria-roledescription=\"slide\" aria-label=\"4 of 4\"><figure class=\"swiper-slide-inner\"><img decoding=\"async\" class=\"swiper-slide-image\" src=\"https:\/\/saudadeflores.com\/wp-content\/uploads\/2026\/04\/WhatsApp-Image-2026-04-08-at-15.57.35.jpeg\" alt=\"WhatsApp Image 2026-04-08 at 15.57.35\" \/><\/figure><\/div>\t\t\t<\/div>\n\t\t\t\t\t\t\t\t\t\t\t\t<div class=\"elementor-swiper-button elementor-swiper-button-prev\" role=\"button\" tabindex=\"0\">\n\t\t\t\t\t\t<svg aria-hidden=\"true\" class=\"e-font-icon-svg e-eicon-chevron-left\" viewBox=\"0 0 1000 1000\" xmlns=\"http:\/\/www.w3.org\/2000\/svg\"><path d=\"M646 125C629 125 613 133 604 142L308 442C296 454 292 471 292 487 292 504 296 521 308 533L604 854C617 867 629 875 646 875 663 875 679 871 692 858 704 846 713 829 713 812 713 796 708 779 692 767L438 487 692 225C700 217 708 204 708 187 708 171 704 154 692 142 675 129 663 125 646 125Z\"><\/path><\/svg>\t\t\t\t\t<\/div>\n\t\t\t\t\t<div class=\"elementor-swiper-button elementor-swiper-button-next\" role=\"button\" tabindex=\"0\">\n\t\t\t\t\t\t<svg aria-hidden=\"true\" class=\"e-font-icon-svg e-eicon-chevron-right\" viewBox=\"0 0 1000 1000\" xmlns=\"http:\/\/www.w3.org\/2000\/svg\"><path d=\"M696 533C708 521 713 504 713 487 713 471 708 454 696 446L400 146C388 133 375 125 354 125 338 125 325 129 313 142 300 154 292 171 292 187 292 204 296 221 308 233L563 492 304 771C292 783 288 800 288 817 288 833 296 850 308 863 321 871 338 875 354 875 371 875 388 867 400 854L696 533Z\"><\/path><\/svg>\t\t\t\t\t<\/div>\n\t\t\t\t\n\t\t\t\t\t\t\t\t\t<\/div>\n\t\t\t\t\t\t<\/div>\n\t\t\t\t<\/div>\n\t\t\t\t\t<\/div>\n\t\t<\/div>\n\t\t\t\t<div class=\"elementor-column elementor-col-50 elementor-top-column elementor-element elementor-element-7e4e25dd elementor-invisible\" data-id=\"7e4e25dd\" data-element_type=\"column\" data-e-type=\"column\" data-settings=\"{&quot;animation&quot;:&quot;fadeInLeft&quot;}\">\n\t\t\t<div class=\"elementor-widget-wrap elementor-element-populated\">\n\t\t\t\t\t\t<div class=\"elementor-element elementor-element-234c1203 elementor-widget elementor-widget-heading\" data-id=\"234c1203\" data-element_type=\"widget\" data-e-type=\"widget\" data-widget_type=\"heading.default\">\n\t\t\t\t<div class=\"elementor-widget-container\">\n\t\t\t\t\t<h2 class=\"elementor-heading-title elementor-size-default\">Uma estilista, um advogado,\na mudan\u00e7a de pa\u00eds...nossa rica hist\u00f3ria faz a <font color=\"#ce4c6f\">Saudade<\/font> sem d\u00favida mais especial!<\/h2>\t\t\t\t<\/div>\n\t\t\t\t<\/div>\n\t\t\t\t<div class=\"elementor-element elementor-element-53d6bd99 elementor-widget elementor-widget-text-editor\" data-id=\"53d6bd99\" data-element_type=\"widget\" data-e-type=\"widget\" data-widget_type=\"text-editor.default\">\n\t\t\t\t<div class=\"elementor-widget-container\">\n\t\t\t\t\t\t\t\t\t<p>Saudade Flores est\u00e1 situada em Lisboa no bairro de Campo de Ourique. A marca tem por ess\u00eancia um design floral descontra\u00eddo, atual e campestre. Com as flores da \u00e9poca, fresquinhas e preferencialmente locais. Compomos lindos ramos, vendidos por tamanho (pequeno, m\u00e9dio e grande, imenso..). Assim, os pre\u00e7os s\u00e3o sempre os mesmos (e justos), mas a composi\u00e7\u00e3o nunca \u00e9 a mesma. E a mistura fica assim, com o toque \u00fanico da Saudade!<\/p><p>Ana Carolina Rocha, designer de Moda, trabalhou por 7 anos em marcas como C&amp;A, Fila e Asics. Em 2014 uma mudan\u00e7a de rumo profissional a levou por caminhos de duas rodas a ser entregadora de flores na florista A Bela do Dia em S\u00e3o Paulo &#8211; Brasil. A habilidade de florista foi tomando forma e encontrando com seus skills de design, cria\u00e7\u00e3o e gest\u00e3o de produtos. No in\u00edcio de 2015 Ana mudou-se para Lisboa com Raphael, seu marido, e trouxe na bagagem a Saudade.<\/p><p>Raphael Monteiro de Oliveira, advogado desde 2003, tamb\u00e9m \u00e9 envolvido com projetos de mobilidade urbana. Ele \u00e9 o respons\u00e1vel pela gest\u00e3o financeira e administrativa da Saudade Flores, mas podem sempre o encontrar na loja desfilando simpatia com os clientes.<\/p>\t\t\t\t\t\t\t\t<\/div>\n\t\t\t\t<\/div>\n\t\t\t\t\t<\/div>\n\t\t<\/div>\n\t\t\t\t\t<\/div>\n\t\t<\/section>\n\t\t<div class=\"elementor-element elementor-element-9c5eafe e-flex e-con-boxed e-con e-parent\" data-id=\"9c5eafe\" data-element_type=\"container\" data-e-type=\"container\">\n\t\t\t\t\t<div class=\"e-con-inner\">\n\t\t<div class=\"elementor-element elementor-element-e0d3d42 e-flex e-con-boxed e-con e-child\" data-id=\"e0d3d42\" data-element_type=\"container\" data-e-type=\"container\">\n\t\t\t\t\t<div class=\"e-con-inner\">\n\t\t\t\t\t<\/div>\n\t\t\t\t<\/div>\n\t\t<div class=\"elementor-element elementor-element-60d3931 e-flex e-con-boxed e-con e-child\" data-id=\"60d3931\" data-element_type=\"container\" data-e-type=\"container\">\n\t\t\t\t\t<div class=\"e-con-inner\">\n\t\t\t\t\t<\/div>\n\t\t\t\t<\/div>\n\t\t<div class=\"elementor-element elementor-element-7118b06 e-flex e-con-boxed e-con e-child\" data-id=\"7118b06\" data-element_type=\"container\" data-e-type=\"container\">\n\t\t\t\t\t<div class=\"e-con-inner\">\n\t\t\t\t\t<\/div>\n\t\t\t\t<\/div>\n\t\t<div class=\"elementor-element elementor-element-dd05383 e-con-full e-flex e-con e-child\" data-id=\"dd05383\" data-element_type=\"container\" data-e-type=\"container\">\n\t\t\t\t<\/div>\n\t\t\t\t\t<\/div>\n\t\t\t\t<\/div>\n\t\t\t\t<\/div>\n\t\t","protected":false},"excerpt":{"rendered":"<p>quem somos, o que fazemos e o que amamos. Uma estilista, um advogado, a mudan\u00e7a de pa\u00eds&#8230;nossa rica hist\u00f3ria faz a Saudade sem d\u00favida mais especial! Saudade Flores est\u00e1 situada em Lisboa no bairro de Campo de Ourique. A marca tem por ess\u00eancia um design floral descontra\u00eddo, atual e campestre. Com as flores da \u00e9poca, [&hellip;]<\/p>\n","protected":false},"author":2096,"featured_media":0,"parent":0,"menu_order":0,"comment_status":"closed","ping_status":"closed","template":"elementor_header_footer","meta":{"_uf_show_specific_survey":0,"_uf_disable_surveys":false,"footnotes":""},"class_list":["post-202","page","type-page","status-publish","hentry"],"aioseo_notices":[],"yoast_head":"<!-- This site is optimized with the Yoast SEO plugin v27.4 - https:\/\/yoast.com\/product\/yoast-seo-wordpress\/ -->\n<title>Sobre n\u00f3s - Saudade Flores<\/title>\n<meta name=\"robots\" content=\"index, follow, max-snippet:-1, max-image-preview:large, max-video-preview:-1\" \/>\n<link rel=\"canonical\" href=\"https:\/\/saudadeflores.com\/en\/sobre-nos\/\" \/>\n<meta property=\"og:locale\" content=\"en_GB\" \/>\n<meta property=\"og:type\" content=\"article\" \/>\n<meta property=\"og:title\" content=\"Sobre n\u00f3s - Saudade Flores\" \/>\n<meta property=\"og:description\" content=\"quem somos, o que fazemos e o que amamos. Uma estilista, um advogado, a mudan\u00e7a de pa\u00eds&#8230;nossa rica hist\u00f3ria faz a Saudade sem d\u00favida mais especial! Saudade Flores est\u00e1 situada em Lisboa no bairro de Campo de Ourique. A marca tem por ess\u00eancia um design floral descontra\u00eddo, atual e campestre. Com as flores da \u00e9poca, [&hellip;]\" \/>\n<meta property=\"og:url\" content=\"https:\/\/saudadeflores.com\/en\/sobre-nos\/\" \/>\n<meta property=\"og:site_name\" content=\"Saudade Flores\" \/>\n<meta property=\"article:publisher\" content=\"https:\/\/www.facebook.com\/saudadefloresfrescas\/\" \/>\n<meta property=\"article:modified_time\" content=\"2026-04-08T14:58:23+00:00\" \/>\n<meta property=\"og:image\" content=\"https:\/\/saudadeflores.com\/wp-content\/uploads\/2024\/05\/Ana.png\" \/>\n<meta name=\"twitter:card\" content=\"summary_large_image\" \/>\n<meta name=\"twitter:label1\" content=\"Estimated reading time\" \/>\n\t<meta name=\"twitter:data1\" content=\"3 minutes\" \/>\n<script type=\"application\/ld+json\" class=\"yoast-schema-graph\">{\"@context\":\"https:\\\/\\\/schema.org\",\"@graph\":[{\"@type\":\"WebPage\",\"@id\":\"https:\\\/\\\/saudadeflores.com\\\/sobre-nos\\\/\",\"url\":\"https:\\\/\\\/saudadeflores.com\\\/sobre-nos\\\/\",\"name\":\"Sobre n\u00f3s - Saudade Flores\",\"isPartOf\":{\"@id\":\"https:\\\/\\\/saudadeflores.com\\\/#website\"},\"primaryImageOfPage\":{\"@id\":\"https:\\\/\\\/saudadeflores.com\\\/sobre-nos\\\/#primaryimage\"},\"image\":{\"@id\":\"https:\\\/\\\/saudadeflores.com\\\/sobre-nos\\\/#primaryimage\"},\"thumbnailUrl\":\"https:\\\/\\\/saudadeflores.com\\\/wp-content\\\/uploads\\\/2024\\\/05\\\/Ana.png\",\"datePublished\":\"2024-05-16T09:26:32+00:00\",\"dateModified\":\"2026-04-08T14:58:23+00:00\",\"breadcrumb\":{\"@id\":\"https:\\\/\\\/saudadeflores.com\\\/sobre-nos\\\/#breadcrumb\"},\"inLanguage\":\"en-GB\",\"potentialAction\":[{\"@type\":\"ReadAction\",\"target\":[\"https:\\\/\\\/saudadeflores.com\\\/sobre-nos\\\/\"]}]},{\"@type\":\"ImageObject\",\"inLanguage\":\"en-GB\",\"@id\":\"https:\\\/\\\/saudadeflores.com\\\/sobre-nos\\\/#primaryimage\",\"url\":\"https:\\\/\\\/saudadeflores.com\\\/wp-content\\\/uploads\\\/2024\\\/05\\\/Ana.png\",\"contentUrl\":\"https:\\\/\\\/saudadeflores.com\\\/wp-content\\\/uploads\\\/2024\\\/05\\\/Ana.png\"},{\"@type\":\"BreadcrumbList\",\"@id\":\"https:\\\/\\\/saudadeflores.com\\\/sobre-nos\\\/#breadcrumb\",\"itemListElement\":[{\"@type\":\"ListItem\",\"position\":1,\"name\":\"In\u00edcio\",\"item\":\"https:\\\/\\\/saudadeflores.com\\\/\"},{\"@type\":\"ListItem\",\"position\":2,\"name\":\"Sobre n\u00f3s\"}]},{\"@type\":\"WebSite\",\"@id\":\"https:\\\/\\\/saudadeflores.com\\\/#website\",\"url\":\"https:\\\/\\\/saudadeflores.com\\\/\",\"name\":\"Saudade Flores\",\"description\":\"Florista\",\"publisher\":{\"@id\":\"https:\\\/\\\/saudadeflores.com\\\/#organization\"},\"potentialAction\":[{\"@type\":\"SearchAction\",\"target\":{\"@type\":\"EntryPoint\",\"urlTemplate\":\"https:\\\/\\\/saudadeflores.com\\\/?s={search_term_string}\"},\"query-input\":{\"@type\":\"PropertyValueSpecification\",\"valueRequired\":true,\"valueName\":\"search_term_string\"}}],\"inLanguage\":\"en-GB\"},{\"@type\":\"Organization\",\"@id\":\"https:\\\/\\\/saudadeflores.com\\\/#organization\",\"name\":\"Saudade Flores\",\"url\":\"https:\\\/\\\/saudadeflores.com\\\/\",\"logo\":{\"@type\":\"ImageObject\",\"inLanguage\":\"en-GB\",\"@id\":\"https:\\\/\\\/saudadeflores.com\\\/#\\\/schema\\\/logo\\\/image\\\/\",\"url\":\"\",\"contentUrl\":\"\",\"caption\":\"Saudade Flores\"},\"image\":{\"@id\":\"https:\\\/\\\/saudadeflores.com\\\/#\\\/schema\\\/logo\\\/image\\\/\"},\"sameAs\":[\"https:\\\/\\\/www.facebook.com\\\/saudadefloresfrescas\\\/\",\"https:\\\/\\\/www.instagram.com\\\/saudadeflores\\\/\"]}]}<\/script>\n<!-- \/ Yoast SEO plugin. -->","yoast_head_json":{"title":"Sobre n\u00f3s - Saudade Flores","robots":{"index":"index","follow":"follow","max-snippet":"max-snippet:-1","max-image-preview":"max-image-preview:large","max-video-preview":"max-video-preview:-1"},"canonical":"https:\/\/saudadeflores.com\/en\/sobre-nos\/","og_locale":"en_GB","og_type":"article","og_title":"Sobre n\u00f3s - Saudade Flores","og_description":"quem somos, o que fazemos e o que amamos. Uma estilista, um advogado, a mudan\u00e7a de pa\u00eds&#8230;nossa rica hist\u00f3ria faz a Saudade sem d\u00favida mais especial! Saudade Flores est\u00e1 situada em Lisboa no bairro de Campo de Ourique. A marca tem por ess\u00eancia um design floral descontra\u00eddo, atual e campestre. Com as flores da \u00e9poca, [&hellip;]","og_url":"https:\/\/saudadeflores.com\/en\/sobre-nos\/","og_site_name":"Saudade Flores","article_publisher":"https:\/\/www.facebook.com\/saudadefloresfrescas\/","article_modified_time":"2026-04-08T14:58:23+00:00","og_image":[{"url":"https:\/\/saudadeflores.com\/wp-content\/uploads\/2024\/05\/Ana.png","type":"","width":"","height":""}],"twitter_card":"summary_large_image","twitter_misc":{"Estimated reading time":"3 minutes"},"schema":{"@context":"https:\/\/schema.org","@graph":[{"@type":"WebPage","@id":"https:\/\/saudadeflores.com\/sobre-nos\/","url":"https:\/\/saudadeflores.com\/sobre-nos\/","name":"Sobre n\u00f3s - Saudade Flores","isPartOf":{"@id":"https:\/\/saudadeflores.com\/#website"},"primaryImageOfPage":{"@id":"https:\/\/saudadeflores.com\/sobre-nos\/#primaryimage"},"image":{"@id":"https:\/\/saudadeflores.com\/sobre-nos\/#primaryimage"},"thumbnailUrl":"https:\/\/saudadeflores.com\/wp-content\/uploads\/2024\/05\/Ana.png","datePublished":"2024-05-16T09:26:32+00:00","dateModified":"2026-04-08T14:58:23+00:00","breadcrumb":{"@id":"https:\/\/saudadeflores.com\/sobre-nos\/#breadcrumb"},"inLanguage":"en-GB","potentialAction":[{"@type":"ReadAction","target":["https:\/\/saudadeflores.com\/sobre-nos\/"]}]},{"@type":"ImageObject","inLanguage":"en-GB","@id":"https:\/\/saudadeflores.com\/sobre-nos\/#primaryimage","url":"https:\/\/saudadeflores.com\/wp-content\/uploads\/2024\/05\/Ana.png","contentUrl":"https:\/\/saudadeflores.com\/wp-content\/uploads\/2024\/05\/Ana.png"},{"@type":"BreadcrumbList","@id":"https:\/\/saudadeflores.com\/sobre-nos\/#breadcrumb","itemListElement":[{"@type":"ListItem","position":1,"name":"In\u00edcio","item":"https:\/\/saudadeflores.com\/"},{"@type":"ListItem","position":2,"name":"Sobre n\u00f3s"}]},{"@type":"WebSite","@id":"https:\/\/saudadeflores.com\/#website","url":"https:\/\/saudadeflores.com\/","name":"Saudade Flores","description":"Florista","publisher":{"@id":"https:\/\/saudadeflores.com\/#organization"},"potentialAction":[{"@type":"SearchAction","target":{"@type":"EntryPoint","urlTemplate":"https:\/\/saudadeflores.com\/?s={search_term_string}"},"query-input":{"@type":"PropertyValueSpecification","valueRequired":true,"valueName":"search_term_string"}}],"inLanguage":"en-GB"},{"@type":"Organization","@id":"https:\/\/saudadeflores.com\/#organization","name":"Saudade Flores","url":"https:\/\/saudadeflores.com\/","logo":{"@type":"ImageObject","inLanguage":"en-GB","@id":"https:\/\/saudadeflores.com\/#\/schema\/logo\/image\/","url":"","contentUrl":"","caption":"Saudade Flores"},"image":{"@id":"https:\/\/saudadeflores.com\/#\/schema\/logo\/image\/"},"sameAs":["https:\/\/www.facebook.com\/saudadefloresfrescas\/","https:\/\/www.instagram.com\/saudadeflores\/"]}]}},"_links":{"self":[{"href":"https:\/\/saudadeflores.com\/en\/wp-json\/wp\/v2\/pages\/202","targetHints":{"allow":["GET"]}}],"collection":[{"href":"https:\/\/saudadeflores.com\/en\/wp-json\/wp\/v2\/pages"}],"about":[{"href":"https:\/\/saudadeflores.com\/en\/wp-json\/wp\/v2\/types\/page"}],"author":[{"embeddable":true,"href":"https:\/\/saudadeflores.com\/en\/wp-json\/wp\/v2\/users\/2096"}],"replies":[{"embeddable":true,"href":"https:\/\/saudadeflores.com\/en\/wp-json\/wp\/v2\/comments?post=202"}],"version-history":[{"count":3,"href":"https:\/\/saudadeflores.com\/en\/wp-json\/wp\/v2\/pages\/202\/revisions"}],"predecessor-version":[{"id":27237,"href":"https:\/\/saudadeflores.com\/en\/wp-json\/wp\/v2\/pages\/202\/revisions\/27237"}],"wp:attachment":[{"href":"https:\/\/saudadeflores.com\/en\/wp-json\/wp\/v2\/media?parent=202"}],"curies":[{"name":"wp","href":"https:\/\/api.w.org\/{rel}","templated":true}]}}