{"id":1271,"date":"2024-05-31T12:13:48","date_gmt":"2024-05-31T12:13:48","guid":{"rendered":"https:\/\/saudadeflores.com\/?post_type=product&#038;p=1271"},"modified":"2025-10-14T13:27:26","modified_gmt":"2025-10-14T12:27:26","slug":"assinatura-de-flores","status":"publish","type":"product","link":"https:\/\/saudadeflores.com\/en\/product\/assinatura-de-flores\/","title":{"rendered":"Flower Subscription"},"content":{"rendered":"","protected":false},"excerpt":{"rendered":"<p>Tenha flores frescas em casa, no tamanho que quiseres &amp; na frequ\u00eancia escolhida! Este tamb\u00e9m \u00e9 um \u00f3ptimo gift-voucher para oferta \ud83d\ude42<\/p>","protected":false},"featured_media":1040,"comment_status":"open","ping_status":"closed","template":"","meta":[],"product_brand":[],"product_cat":[37,38],"product_tag":[101,103,105,106,102,104],"class_list":{"0":"post-1271","1":"product","2":"type-product","3":"status-publish","4":"has-post-thumbnail","6":"product_cat-assinatura-mensal-de-flores","7":"product_cat-monthly-flower-subscription","8":"product_tag-assinatura","9":"product_tag-flores-em-casa","10":"product_tag-gift","11":"product_tag-oferta","12":"product_tag-subscricao","13":"product_tag-voucher","14":"product_shipping_class-subscricao","16":"first","17":"instock","18":"shipping-taxable","19":"purchasable","20":"product-type-variable-subscription"},"yoast_head":"<!-- This site is optimized with the Yoast SEO plugin v27.4 - https:\/\/yoast.com\/product\/yoast-seo-wordpress\/ -->\n<title>Assinatura de Flores - Saudade Flores<\/title>\n<meta name=\"description\" content=\"Tenha flores frescas em casa, no tamanho que quiseres &amp; na frequ\u00eancia escolhida! Este tamb\u00e9m \u00e9 um \u00f3ptimo gift-voucher para oferta :)\" \/>\n<meta name=\"robots\" content=\"index, follow, max-snippet:-1, max-image-preview:large, max-video-preview:-1\" \/>\n<link rel=\"canonical\" href=\"https:\/\/saudadeflores.com\/en\/produto\/assinatura-de-flores\/\" \/>\n<meta property=\"og:locale\" content=\"en_GB\" \/>\n<meta property=\"og:type\" content=\"article\" \/>\n<meta property=\"og:title\" content=\"Assinatura de Flores - Saudade Flores\" \/>\n<meta property=\"og:description\" content=\"Tenha flores frescas em casa, no tamanho que quiseres &amp; na frequ\u00eancia escolhida! Este tamb\u00e9m \u00e9 um \u00f3ptimo gift-voucher para oferta :)\" \/>\n<meta property=\"og:url\" content=\"https:\/\/saudadeflores.com\/en\/produto\/assinatura-de-flores\/\" \/>\n<meta property=\"og:site_name\" content=\"Saudade Flores\" \/>\n<meta property=\"article:publisher\" content=\"https:\/\/www.facebook.com\/saudadefloresfrescas\/\" \/>\n<meta property=\"article:modified_time\" content=\"2025-10-14T12:27:26+00:00\" \/>\n<meta property=\"og:image\" content=\"https:\/\/saudadeflores.com\/wp-content\/uploads\/2024\/05\/ramo-p102-scaled.jpg\" \/>\n\t<meta property=\"og:image:width\" content=\"2560\" \/>\n\t<meta property=\"og:image:height\" content=\"2560\" \/>\n\t<meta property=\"og:image:type\" content=\"image\/jpeg\" \/>\n<meta name=\"twitter:card\" content=\"summary_large_image\" \/>\n<meta name=\"twitter:label1\" content=\"Estimated reading time\" \/>\n\t<meta name=\"twitter:data1\" content=\"1 minute\" \/>\n<script type=\"application\/ld+json\" class=\"yoast-schema-graph\">{\"@context\":\"https:\\\/\\\/schema.org\",\"@graph\":[{\"@type\":\"WebPage\",\"@id\":\"https:\\\/\\\/saudadeflores.com\\\/produto\\\/assinatura-de-flores\\\/\",\"url\":\"https:\\\/\\\/saudadeflores.com\\\/produto\\\/assinatura-de-flores\\\/\",\"name\":\"Assinatura de Flores - Saudade Flores\",\"isPartOf\":{\"@id\":\"https:\\\/\\\/saudadeflores.com\\\/#website\"},\"primaryImageOfPage\":{\"@id\":\"https:\\\/\\\/saudadeflores.com\\\/produto\\\/assinatura-de-flores\\\/#primaryimage\"},\"image\":{\"@id\":\"https:\\\/\\\/saudadeflores.com\\\/produto\\\/assinatura-de-flores\\\/#primaryimage\"},\"thumbnailUrl\":\"https:\\\/\\\/saudadeflores.com\\\/wp-content\\\/uploads\\\/2024\\\/05\\\/ramo-p102-scaled.jpg\",\"datePublished\":\"2024-05-31T12:13:48+00:00\",\"dateModified\":\"2025-10-14T12:27:26+00:00\",\"description\":\"Tenha flores frescas em casa, no tamanho que quiseres & na frequ\u00eancia escolhida! Este tamb\u00e9m \u00e9 um \u00f3ptimo gift-voucher para oferta :)\",\"breadcrumb\":{\"@id\":\"https:\\\/\\\/saudadeflores.com\\\/produto\\\/assinatura-de-flores\\\/#breadcrumb\"},\"inLanguage\":\"en-GB\",\"potentialAction\":[{\"@type\":\"ReadAction\",\"target\":[\"https:\\\/\\\/saudadeflores.com\\\/produto\\\/assinatura-de-flores\\\/\"]}]},{\"@type\":\"ImageObject\",\"inLanguage\":\"en-GB\",\"@id\":\"https:\\\/\\\/saudadeflores.com\\\/produto\\\/assinatura-de-flores\\\/#primaryimage\",\"url\":\"https:\\\/\\\/saudadeflores.com\\\/wp-content\\\/uploads\\\/2024\\\/05\\\/ramo-p102-scaled.jpg\",\"contentUrl\":\"https:\\\/\\\/saudadeflores.com\\\/wp-content\\\/uploads\\\/2024\\\/05\\\/ramo-p102-scaled.jpg\",\"width\":2560,\"height\":2560},{\"@type\":\"BreadcrumbList\",\"@id\":\"https:\\\/\\\/saudadeflores.com\\\/produto\\\/assinatura-de-flores\\\/#breadcrumb\",\"itemListElement\":[{\"@type\":\"ListItem\",\"position\":1,\"name\":\"In\u00edcio\",\"item\":\"https:\\\/\\\/saudadeflores.com\\\/\"},{\"@type\":\"ListItem\",\"position\":2,\"name\":\"Loja\",\"item\":\"https:\\\/\\\/saudadeflores.com\\\/loja\\\/\"},{\"@type\":\"ListItem\",\"position\":3,\"name\":\"Assinatura de Flores\"}]},{\"@type\":\"WebSite\",\"@id\":\"https:\\\/\\\/saudadeflores.com\\\/#website\",\"url\":\"https:\\\/\\\/saudadeflores.com\\\/\",\"name\":\"Saudade Flores\",\"description\":\"Florista\",\"publisher\":{\"@id\":\"https:\\\/\\\/saudadeflores.com\\\/#organization\"},\"potentialAction\":[{\"@type\":\"SearchAction\",\"target\":{\"@type\":\"EntryPoint\",\"urlTemplate\":\"https:\\\/\\\/saudadeflores.com\\\/?s={search_term_string}\"},\"query-input\":{\"@type\":\"PropertyValueSpecification\",\"valueRequired\":true,\"valueName\":\"search_term_string\"}}],\"inLanguage\":\"en-GB\"},{\"@type\":\"Organization\",\"@id\":\"https:\\\/\\\/saudadeflores.com\\\/#organization\",\"name\":\"Saudade Flores\",\"url\":\"https:\\\/\\\/saudadeflores.com\\\/\",\"logo\":{\"@type\":\"ImageObject\",\"inLanguage\":\"en-GB\",\"@id\":\"https:\\\/\\\/saudadeflores.com\\\/#\\\/schema\\\/logo\\\/image\\\/\",\"url\":\"\",\"contentUrl\":\"\",\"caption\":\"Saudade Flores\"},\"image\":{\"@id\":\"https:\\\/\\\/saudadeflores.com\\\/#\\\/schema\\\/logo\\\/image\\\/\"},\"sameAs\":[\"https:\\\/\\\/www.facebook.com\\\/saudadefloresfrescas\\\/\",\"https:\\\/\\\/www.instagram.com\\\/saudadeflores\\\/\"]}]}<\/script>\n<!-- \/ Yoast SEO plugin. -->","yoast_head_json":{"title":"Assinatura de Flores - Saudade Flores","description":"Tenha flores frescas em casa, no tamanho que quiseres & na frequ\u00eancia escolhida! Este tamb\u00e9m \u00e9 um \u00f3ptimo gift-voucher para oferta :)","robots":{"index":"index","follow":"follow","max-snippet":"max-snippet:-1","max-image-preview":"max-image-preview:large","max-video-preview":"max-video-preview:-1"},"canonical":"https:\/\/saudadeflores.com\/en\/produto\/assinatura-de-flores\/","og_locale":"en_GB","og_type":"article","og_title":"Assinatura de Flores - Saudade Flores","og_description":"Tenha flores frescas em casa, no tamanho que quiseres & na frequ\u00eancia escolhida! Este tamb\u00e9m \u00e9 um \u00f3ptimo gift-voucher para oferta :)","og_url":"https:\/\/saudadeflores.com\/en\/produto\/assinatura-de-flores\/","og_site_name":"Saudade Flores","article_publisher":"https:\/\/www.facebook.com\/saudadefloresfrescas\/","article_modified_time":"2025-10-14T12:27:26+00:00","og_image":[{"width":2560,"height":2560,"url":"https:\/\/saudadeflores.com\/wp-content\/uploads\/2024\/05\/ramo-p102-scaled.jpg","type":"image\/jpeg"}],"twitter_card":"summary_large_image","twitter_misc":{"Estimated reading time":"1 minute"},"schema":{"@context":"https:\/\/schema.org","@graph":[{"@type":"WebPage","@id":"https:\/\/saudadeflores.com\/produto\/assinatura-de-flores\/","url":"https:\/\/saudadeflores.com\/produto\/assinatura-de-flores\/","name":"Assinatura de Flores - Saudade Flores","isPartOf":{"@id":"https:\/\/saudadeflores.com\/#website"},"primaryImageOfPage":{"@id":"https:\/\/saudadeflores.com\/produto\/assinatura-de-flores\/#primaryimage"},"image":{"@id":"https:\/\/saudadeflores.com\/produto\/assinatura-de-flores\/#primaryimage"},"thumbnailUrl":"https:\/\/saudadeflores.com\/wp-content\/uploads\/2024\/05\/ramo-p102-scaled.jpg","datePublished":"2024-05-31T12:13:48+00:00","dateModified":"2025-10-14T12:27:26+00:00","description":"Tenha flores frescas em casa, no tamanho que quiseres & na frequ\u00eancia escolhida! Este tamb\u00e9m \u00e9 um \u00f3ptimo gift-voucher para oferta :)","breadcrumb":{"@id":"https:\/\/saudadeflores.com\/produto\/assinatura-de-flores\/#breadcrumb"},"inLanguage":"en-GB","potentialAction":[{"@type":"ReadAction","target":["https:\/\/saudadeflores.com\/produto\/assinatura-de-flores\/"]}]},{"@type":"ImageObject","inLanguage":"en-GB","@id":"https:\/\/saudadeflores.com\/produto\/assinatura-de-flores\/#primaryimage","url":"https:\/\/saudadeflores.com\/wp-content\/uploads\/2024\/05\/ramo-p102-scaled.jpg","contentUrl":"https:\/\/saudadeflores.com\/wp-content\/uploads\/2024\/05\/ramo-p102-scaled.jpg","width":2560,"height":2560},{"@type":"BreadcrumbList","@id":"https:\/\/saudadeflores.com\/produto\/assinatura-de-flores\/#breadcrumb","itemListElement":[{"@type":"ListItem","position":1,"name":"In\u00edcio","item":"https:\/\/saudadeflores.com\/"},{"@type":"ListItem","position":2,"name":"Loja","item":"https:\/\/saudadeflores.com\/loja\/"},{"@type":"ListItem","position":3,"name":"Assinatura de Flores"}]},{"@type":"WebSite","@id":"https:\/\/saudadeflores.com\/#website","url":"https:\/\/saudadeflores.com\/","name":"Saudade Flores","description":"Florista","publisher":{"@id":"https:\/\/saudadeflores.com\/#organization"},"potentialAction":[{"@type":"SearchAction","target":{"@type":"EntryPoint","urlTemplate":"https:\/\/saudadeflores.com\/?s={search_term_string}"},"query-input":{"@type":"PropertyValueSpecification","valueRequired":true,"valueName":"search_term_string"}}],"inLanguage":"en-GB"},{"@type":"Organization","@id":"https:\/\/saudadeflores.com\/#organization","name":"Saudade Flores","url":"https:\/\/saudadeflores.com\/","logo":{"@type":"ImageObject","inLanguage":"en-GB","@id":"https:\/\/saudadeflores.com\/#\/schema\/logo\/image\/","url":"","contentUrl":"","caption":"Saudade Flores"},"image":{"@id":"https:\/\/saudadeflores.com\/#\/schema\/logo\/image\/"},"sameAs":["https:\/\/www.facebook.com\/saudadefloresfrescas\/","https:\/\/www.instagram.com\/saudadeflores\/"]}]}},"_links":{"self":[{"href":"https:\/\/saudadeflores.com\/en\/wp-json\/wp\/v2\/product\/1271","targetHints":{"allow":["GET"]}}],"collection":[{"href":"https:\/\/saudadeflores.com\/en\/wp-json\/wp\/v2\/product"}],"about":[{"href":"https:\/\/saudadeflores.com\/en\/wp-json\/wp\/v2\/types\/product"}],"replies":[{"embeddable":true,"href":"https:\/\/saudadeflores.com\/en\/wp-json\/wp\/v2\/comments?post=1271"}],"wp:featuredmedia":[{"embeddable":true,"href":"https:\/\/saudadeflores.com\/en\/wp-json\/wp\/v2\/media\/1040"}],"wp:attachment":[{"href":"https:\/\/saudadeflores.com\/en\/wp-json\/wp\/v2\/media?parent=1271"}],"wp:term":[{"taxonomy":"product_brand","embeddable":true,"href":"https:\/\/saudadeflores.com\/en\/wp-json\/wp\/v2\/product_brand?post=1271"},{"taxonomy":"product_cat","embeddable":true,"href":"https:\/\/saudadeflores.com\/en\/wp-json\/wp\/v2\/product_cat?post=1271"},{"taxonomy":"product_tag","embeddable":true,"href":"https:\/\/saudadeflores.com\/en\/wp-json\/wp\/v2\/product_tag?post=1271"}],"curies":[{"name":"wp","href":"https:\/\/api.w.org\/{rel}","templated":true}]}}