{"id":27031,"date":"2026-03-02T17:20:52","date_gmt":"2026-03-02T16:20:52","guid":{"rendered":"https:\/\/saudadeflores.com\/?post_type=product&#038;p=27031"},"modified":"2026-04-29T12:13:25","modified_gmt":"2026-04-29T11:13:25","slug":"ja-cheira-a-primavera-tulipa-fresia-ranunculo","status":"publish","type":"product","link":"https:\/\/saudadeflores.com\/en\/product\/ja-cheira-a-primavera-tulipa-fresia-ranunculo\/","title":{"rendered":"Early spring vibes - bunch of 15 flowers"},"content":{"rendered":"<p>O melhor do in\u00edcio da primavera em um molho de flores colorido e perfumado!<\/p>\n<p>A bunch made up of 5 freesia stems, 5 ranunculus, and 5 tulips \u2014 all incredibly fresh, straight from our growers in Montijo!<\/p>\n<p>Wrapped in premium pastel-toned paper and finished with cotton twine.<\/p>\n<p>35cm overall height \/ 20cm overall diameter<\/p>","protected":false},"excerpt":{"rendered":"<div class=\"wpb_wrapper\">\n<div class=\"mkdf-section-title-holder mkdf-st-subtitle-pos-under\">\n<div class=\"mkdf-st-inner\">\n<p>Can you fell the spring? Fresias, ranunculus and tulips!<\/p>\n<h5 class=\"mkdf-st-subtitle\">35cm overall height \/ 20cm overall diameter<\/h5>\n<p>A bunch made up of 5 freesia stems, 5 ranunculus, and 5 tulips \u2014 all incredibly fresh, straight from our growers in Montijo!<\/p>\n<p>Wrapped in premium pastel-toned paper and finished with cotton twine.<\/p>\n<p>\u00a0<\/p>\n<\/div>\n<\/div>\n<\/div>","protected":false},"featured_media":27033,"comment_status":"open","ping_status":"closed","template":"","meta":{"_uf_show_specific_survey":0,"_uf_disable_surveys":false},"product_brand":[],"product_cat":[32,94,25,27],"product_tag":[98,169,165,166,33,235,170,144,142],"class_list":{"0":"post-27031","1":"product","2":"type-product","3":"status-publish","4":"has-post-thumbnail","6":"product_cat-envio-normal","7":"product_cat-especiais-da-epoca","8":"product_cat-flores-frescas","9":"product_cat-todas","10":"product_tag-especial","11":"product_tag-fresia","12":"product_tag-fresias","13":"product_tag-primavera","14":"product_tag-ramos","15":"product_tag-ranunculos","16":"product_tag-spring","17":"product_tag-tulip","18":"product_tag-tulipa","20":"first","21":"instock","22":"shipping-taxable","23":"purchasable","24":"product-type-simple"},"aioseo_notices":[],"yoast_head":"<!-- This site is optimized with the Yoast SEO plugin v27.4 - https:\/\/yoast.com\/product\/yoast-seo-wordpress\/ -->\n<title>J\u00e1 cheira a primavera - fr\u00e9sias, ran\u00fanculos e tulipas!<\/title>\n<meta name=\"description\" content=\"Um ramo composto por 5 fr\u00e9sias, 5 ranunculos e 5 tulipas fresqu\u00edssimos direto de nossos produtores do Montijo!\" \/>\n<meta name=\"robots\" content=\"index, follow, max-snippet:-1, max-image-preview:large, max-video-preview:-1\" \/>\n<link rel=\"canonical\" href=\"https:\/\/saudadeflores.com\/en\/produto\/ja-cheira-a-primavera-tulipa-fresia-ranunculo\/\" \/>\n<meta property=\"og:locale\" content=\"en_GB\" \/>\n<meta property=\"og:type\" content=\"article\" \/>\n<meta property=\"og:title\" content=\"J\u00e1 cheira a primavera - fr\u00e9sias, ran\u00fanculos e tulipas!\" \/>\n<meta property=\"og:description\" content=\"Um ramo composto por 5 fr\u00e9sias, 5 ranunculos e 5 tulipas fresqu\u00edssimos direto de nossos produtores do Montijo!\" \/>\n<meta property=\"og:url\" content=\"https:\/\/saudadeflores.com\/en\/produto\/ja-cheira-a-primavera-tulipa-fresia-ranunculo\/\" \/>\n<meta property=\"og:site_name\" content=\"Saudade Flores\" \/>\n<meta property=\"article:publisher\" content=\"https:\/\/www.facebook.com\/saudadefloresfrescas\/\" \/>\n<meta property=\"article:modified_time\" content=\"2026-04-29T11:13:25+00:00\" \/>\n<meta property=\"og:image\" content=\"https:\/\/saudadeflores.com\/wp-content\/uploads\/2026\/03\/6ad926cd-9494-41a7-a4a6-b07c51641ddc-1.jpg\" \/>\n\t<meta property=\"og:image:width\" content=\"1000\" \/>\n\t<meta property=\"og:image:height\" content=\"1333\" \/>\n\t<meta property=\"og:image:type\" content=\"image\/jpeg\" \/>\n<meta name=\"twitter:card\" content=\"summary_large_image\" \/>\n<meta name=\"twitter:label1\" content=\"Estimated reading time\" \/>\n\t<meta name=\"twitter:data1\" content=\"1 minute\" \/>\n<script type=\"application\/ld+json\" class=\"yoast-schema-graph\">{\"@context\":\"https:\\\/\\\/schema.org\",\"@graph\":[{\"@type\":\"WebPage\",\"@id\":\"https:\\\/\\\/saudadeflores.com\\\/produto\\\/ja-cheira-a-primavera-tulipa-fresia-ranunculo\\\/\",\"url\":\"https:\\\/\\\/saudadeflores.com\\\/produto\\\/ja-cheira-a-primavera-tulipa-fresia-ranunculo\\\/\",\"name\":\"J\u00e1 cheira a primavera - fr\u00e9sias, ran\u00fanculos e tulipas!\",\"isPartOf\":{\"@id\":\"https:\\\/\\\/saudadeflores.com\\\/#website\"},\"primaryImageOfPage\":{\"@id\":\"https:\\\/\\\/saudadeflores.com\\\/produto\\\/ja-cheira-a-primavera-tulipa-fresia-ranunculo\\\/#primaryimage\"},\"image\":{\"@id\":\"https:\\\/\\\/saudadeflores.com\\\/produto\\\/ja-cheira-a-primavera-tulipa-fresia-ranunculo\\\/#primaryimage\"},\"thumbnailUrl\":\"https:\\\/\\\/saudadeflores.com\\\/wp-content\\\/uploads\\\/2026\\\/03\\\/6ad926cd-9494-41a7-a4a6-b07c51641ddc-1.jpg\",\"datePublished\":\"2026-03-02T16:20:52+00:00\",\"dateModified\":\"2026-04-29T11:13:25+00:00\",\"description\":\"Um ramo composto por 5 fr\u00e9sias, 5 ranunculos e 5 tulipas fresqu\u00edssimos direto de nossos produtores do Montijo!\",\"breadcrumb\":{\"@id\":\"https:\\\/\\\/saudadeflores.com\\\/produto\\\/ja-cheira-a-primavera-tulipa-fresia-ranunculo\\\/#breadcrumb\"},\"inLanguage\":\"en-GB\",\"potentialAction\":[{\"@type\":\"ReadAction\",\"target\":[\"https:\\\/\\\/saudadeflores.com\\\/produto\\\/ja-cheira-a-primavera-tulipa-fresia-ranunculo\\\/\"]}]},{\"@type\":\"ImageObject\",\"inLanguage\":\"en-GB\",\"@id\":\"https:\\\/\\\/saudadeflores.com\\\/produto\\\/ja-cheira-a-primavera-tulipa-fresia-ranunculo\\\/#primaryimage\",\"url\":\"https:\\\/\\\/saudadeflores.com\\\/wp-content\\\/uploads\\\/2026\\\/03\\\/6ad926cd-9494-41a7-a4a6-b07c51641ddc-1.jpg\",\"contentUrl\":\"https:\\\/\\\/saudadeflores.com\\\/wp-content\\\/uploads\\\/2026\\\/03\\\/6ad926cd-9494-41a7-a4a6-b07c51641ddc-1.jpg\",\"width\":1000,\"height\":1333},{\"@type\":\"BreadcrumbList\",\"@id\":\"https:\\\/\\\/saudadeflores.com\\\/produto\\\/ja-cheira-a-primavera-tulipa-fresia-ranunculo\\\/#breadcrumb\",\"itemListElement\":[{\"@type\":\"ListItem\",\"position\":1,\"name\":\"In\u00edcio\",\"item\":\"https:\\\/\\\/saudadeflores.com\\\/\"},{\"@type\":\"ListItem\",\"position\":2,\"name\":\"Loja\",\"item\":\"https:\\\/\\\/saudadeflores.com\\\/loja\\\/\"},{\"@type\":\"ListItem\",\"position\":3,\"name\":\"J\u00e1 cheira a primavera &#8211; Ramo de 15 flores\"}]},{\"@type\":\"WebSite\",\"@id\":\"https:\\\/\\\/saudadeflores.com\\\/#website\",\"url\":\"https:\\\/\\\/saudadeflores.com\\\/\",\"name\":\"Saudade Flores\",\"description\":\"Florista\",\"publisher\":{\"@id\":\"https:\\\/\\\/saudadeflores.com\\\/#organization\"},\"potentialAction\":[{\"@type\":\"SearchAction\",\"target\":{\"@type\":\"EntryPoint\",\"urlTemplate\":\"https:\\\/\\\/saudadeflores.com\\\/?s={search_term_string}\"},\"query-input\":{\"@type\":\"PropertyValueSpecification\",\"valueRequired\":true,\"valueName\":\"search_term_string\"}}],\"inLanguage\":\"en-GB\"},{\"@type\":\"Organization\",\"@id\":\"https:\\\/\\\/saudadeflores.com\\\/#organization\",\"name\":\"Saudade Flores\",\"url\":\"https:\\\/\\\/saudadeflores.com\\\/\",\"logo\":{\"@type\":\"ImageObject\",\"inLanguage\":\"en-GB\",\"@id\":\"https:\\\/\\\/saudadeflores.com\\\/#\\\/schema\\\/logo\\\/image\\\/\",\"url\":\"\",\"contentUrl\":\"\",\"caption\":\"Saudade Flores\"},\"image\":{\"@id\":\"https:\\\/\\\/saudadeflores.com\\\/#\\\/schema\\\/logo\\\/image\\\/\"},\"sameAs\":[\"https:\\\/\\\/www.facebook.com\\\/saudadefloresfrescas\\\/\",\"https:\\\/\\\/www.instagram.com\\\/saudadeflores\\\/\"]}]}<\/script>\n<!-- \/ Yoast SEO plugin. -->","yoast_head_json":{"title":"J\u00e1 cheira a primavera - fr\u00e9sias, ran\u00fanculos e tulipas!","description":"A bunch made up of 5 freesia stems, 5 ranunculus, and 5 tulips \u2014 all incredibly fresh, straight from our growers in Montijo!","robots":{"index":"index","follow":"follow","max-snippet":"max-snippet:-1","max-image-preview":"max-image-preview:large","max-video-preview":"max-video-preview:-1"},"canonical":"https:\/\/saudadeflores.com\/en\/produto\/ja-cheira-a-primavera-tulipa-fresia-ranunculo\/","og_locale":"en_GB","og_type":"article","og_title":"J\u00e1 cheira a primavera - fr\u00e9sias, ran\u00fanculos e tulipas!","og_description":"Um ramo composto por 5 fr\u00e9sias, 5 ranunculos e 5 tulipas fresqu\u00edssimos direto de nossos produtores do Montijo!","og_url":"https:\/\/saudadeflores.com\/en\/produto\/ja-cheira-a-primavera-tulipa-fresia-ranunculo\/","og_site_name":"Saudade Flores","article_publisher":"https:\/\/www.facebook.com\/saudadefloresfrescas\/","article_modified_time":"2026-04-29T11:13:25+00:00","og_image":[{"width":1000,"height":1333,"url":"https:\/\/saudadeflores.com\/wp-content\/uploads\/2026\/03\/6ad926cd-9494-41a7-a4a6-b07c51641ddc-1.jpg","type":"image\/jpeg"}],"twitter_card":"summary_large_image","twitter_misc":{"Estimated reading time":"1 minute"},"schema":{"@context":"https:\/\/schema.org","@graph":[{"@type":"WebPage","@id":"https:\/\/saudadeflores.com\/produto\/ja-cheira-a-primavera-tulipa-fresia-ranunculo\/","url":"https:\/\/saudadeflores.com\/produto\/ja-cheira-a-primavera-tulipa-fresia-ranunculo\/","name":"J\u00e1 cheira a primavera - fr\u00e9sias, ran\u00fanculos e tulipas!","isPartOf":{"@id":"https:\/\/saudadeflores.com\/#website"},"primaryImageOfPage":{"@id":"https:\/\/saudadeflores.com\/produto\/ja-cheira-a-primavera-tulipa-fresia-ranunculo\/#primaryimage"},"image":{"@id":"https:\/\/saudadeflores.com\/produto\/ja-cheira-a-primavera-tulipa-fresia-ranunculo\/#primaryimage"},"thumbnailUrl":"https:\/\/saudadeflores.com\/wp-content\/uploads\/2026\/03\/6ad926cd-9494-41a7-a4a6-b07c51641ddc-1.jpg","datePublished":"2026-03-02T16:20:52+00:00","dateModified":"2026-04-29T11:13:25+00:00","description":"A bunch made up of 5 freesia stems, 5 ranunculus, and 5 tulips \u2014 all incredibly fresh, straight from our growers in Montijo!","breadcrumb":{"@id":"https:\/\/saudadeflores.com\/produto\/ja-cheira-a-primavera-tulipa-fresia-ranunculo\/#breadcrumb"},"inLanguage":"en-GB","potentialAction":[{"@type":"ReadAction","target":["https:\/\/saudadeflores.com\/produto\/ja-cheira-a-primavera-tulipa-fresia-ranunculo\/"]}]},{"@type":"ImageObject","inLanguage":"en-GB","@id":"https:\/\/saudadeflores.com\/produto\/ja-cheira-a-primavera-tulipa-fresia-ranunculo\/#primaryimage","url":"https:\/\/saudadeflores.com\/wp-content\/uploads\/2026\/03\/6ad926cd-9494-41a7-a4a6-b07c51641ddc-1.jpg","contentUrl":"https:\/\/saudadeflores.com\/wp-content\/uploads\/2026\/03\/6ad926cd-9494-41a7-a4a6-b07c51641ddc-1.jpg","width":1000,"height":1333},{"@type":"BreadcrumbList","@id":"https:\/\/saudadeflores.com\/produto\/ja-cheira-a-primavera-tulipa-fresia-ranunculo\/#breadcrumb","itemListElement":[{"@type":"ListItem","position":1,"name":"In\u00edcio","item":"https:\/\/saudadeflores.com\/"},{"@type":"ListItem","position":2,"name":"Loja","item":"https:\/\/saudadeflores.com\/loja\/"},{"@type":"ListItem","position":3,"name":"J\u00e1 cheira a primavera &#8211; Ramo de 15 flores"}]},{"@type":"WebSite","@id":"https:\/\/saudadeflores.com\/#website","url":"https:\/\/saudadeflores.com\/","name":"Saudade Flores","description":"Florista","publisher":{"@id":"https:\/\/saudadeflores.com\/#organization"},"potentialAction":[{"@type":"SearchAction","target":{"@type":"EntryPoint","urlTemplate":"https:\/\/saudadeflores.com\/?s={search_term_string}"},"query-input":{"@type":"PropertyValueSpecification","valueRequired":true,"valueName":"search_term_string"}}],"inLanguage":"en-GB"},{"@type":"Organization","@id":"https:\/\/saudadeflores.com\/#organization","name":"Saudade Flores","url":"https:\/\/saudadeflores.com\/","logo":{"@type":"ImageObject","inLanguage":"en-GB","@id":"https:\/\/saudadeflores.com\/#\/schema\/logo\/image\/","url":"","contentUrl":"","caption":"Saudade Flores"},"image":{"@id":"https:\/\/saudadeflores.com\/#\/schema\/logo\/image\/"},"sameAs":["https:\/\/www.facebook.com\/saudadefloresfrescas\/","https:\/\/www.instagram.com\/saudadeflores\/"]}]}},"_links":{"self":[{"href":"https:\/\/saudadeflores.com\/en\/wp-json\/wp\/v2\/product\/27031","targetHints":{"allow":["GET"]}}],"collection":[{"href":"https:\/\/saudadeflores.com\/en\/wp-json\/wp\/v2\/product"}],"about":[{"href":"https:\/\/saudadeflores.com\/en\/wp-json\/wp\/v2\/types\/product"}],"replies":[{"embeddable":true,"href":"https:\/\/saudadeflores.com\/en\/wp-json\/wp\/v2\/comments?post=27031"}],"wp:featuredmedia":[{"embeddable":true,"href":"https:\/\/saudadeflores.com\/en\/wp-json\/wp\/v2\/media\/27033"}],"wp:attachment":[{"href":"https:\/\/saudadeflores.com\/en\/wp-json\/wp\/v2\/media?parent=27031"}],"wp:term":[{"taxonomy":"product_brand","embeddable":true,"href":"https:\/\/saudadeflores.com\/en\/wp-json\/wp\/v2\/product_brand?post=27031"},{"taxonomy":"product_cat","embeddable":true,"href":"https:\/\/saudadeflores.com\/en\/wp-json\/wp\/v2\/product_cat?post=27031"},{"taxonomy":"product_tag","embeddable":true,"href":"https:\/\/saudadeflores.com\/en\/wp-json\/wp\/v2\/product_tag?post=27031"}],"curies":[{"name":"wp","href":"https:\/\/api.w.org\/{rel}","templated":true}]}}