{"id":420,"date":"2024-05-16T16:54:45","date_gmt":"2024-05-16T16:54:45","guid":{"rendered":"https:\/\/saudadeflores.com\/?post_type=product&#038;p=420"},"modified":"2026-02-16T14:58:52","modified_gmt":"2026-02-16T13:58:52","slug":"ramo-g","status":"publish","type":"product","link":"https:\/\/saudadeflores.com\/en\/product\/ramo-g\/","title":{"rendered":"Large Bouquet"},"content":{"rendered":"<p>Bouquet with around 15 feet of fresh natural flowers + greens.<\/p>\n<p>Wrapped in kraft paper and national cotton string.<\/p>\n<p>Approx. 20cm tall, 15cm diameter.<\/p>","protected":false},"excerpt":{"rendered":"<div class=\"wpb_wrapper\">\n<div class=\"mkdf-section-title-holder mkdf-st-subtitle-pos-under\">\n<div class=\"mkdf-st-inner\">\n<p>Large Bouquet <em style=\"color: #787878;\">(15 flowers + greens)<\/em><\/p>\n<p class=\"mkdf-st-subtitle\">Approx. 20cm tall, 15cm diameter.<\/p>\n<p class=\"mkdf-st-text\">Branch of around 15 feet in a mix of colours and varieties of fresh natural flowers + greens. Wrapped in kraft paper and national cotton string.<\/p>\n<\/div>\n<\/div>\n<\/div>","protected":false},"featured_media":1031,"comment_status":"open","ping_status":"closed","template":"","meta":[],"product_brand":[],"product_cat":[32,25,27],"product_tag":[111,68,121,33],"class_list":{"0":"post-420","1":"product","2":"type-product","3":"status-publish","4":"has-post-thumbnail","6":"product_cat-envio-normal","7":"product_cat-flores-frescas","8":"product_cat-todas","9":"product_tag-big-bouquet","10":"product_tag-bouquet","11":"product_tag-grande","12":"product_tag-ramos","14":"first","15":"instock","16":"shipping-taxable","17":"purchasable","18":"product-type-simple"},"yoast_head":"<!-- This site is optimized with the Yoast SEO plugin v27.4 - https:\/\/yoast.com\/product\/yoast-seo-wordpress\/ -->\n<title>Ramo G - Compre Flores Frescas | Saudade Flores<\/title>\n<meta name=\"description\" content=\"A procura de um ramo de flores? N\u00f3s temos uma s\u00e9rie de tamanhos dispon\u00edveis. Nosso Ramo G \u2013 Ramo Grande tem cerca de 15 p\u00e9s de flores mais verdes.\" \/>\n<meta name=\"robots\" content=\"index, follow, max-snippet:-1, max-image-preview:large, max-video-preview:-1\" \/>\n<link rel=\"canonical\" href=\"https:\/\/saudadeflores.com\/en\/produto\/ramo-g\/\" \/>\n<meta property=\"og:locale\" content=\"en_GB\" \/>\n<meta property=\"og:type\" content=\"article\" \/>\n<meta property=\"og:title\" content=\"Ramo G - Compre Flores Frescas | Saudade Flores\" \/>\n<meta property=\"og:description\" content=\"A procura de um ramo de flores? N\u00f3s temos uma s\u00e9rie de tamanhos dispon\u00edveis. Nosso Ramo G \u2013 Ramo Grande tem cerca de 15 p\u00e9s de flores mais verdes.\" \/>\n<meta property=\"og:url\" content=\"https:\/\/saudadeflores.com\/en\/produto\/ramo-g\/\" \/>\n<meta property=\"og:site_name\" content=\"Saudade Flores\" \/>\n<meta property=\"article:publisher\" content=\"https:\/\/www.facebook.com\/saudadefloresfrescas\/\" \/>\n<meta property=\"article:modified_time\" content=\"2026-02-16T13:58:52+00:00\" \/>\n<meta property=\"og:image\" content=\"https:\/\/saudadeflores.com\/wp-content\/uploads\/2024\/05\/ramo-g-3.jpg\" \/>\n\t<meta property=\"og:image:width\" content=\"2371\" \/>\n\t<meta property=\"og:image:height\" content=\"2371\" \/>\n\t<meta property=\"og:image:type\" content=\"image\/jpeg\" \/>\n<meta name=\"twitter:card\" content=\"summary_large_image\" \/>\n<meta name=\"twitter:label1\" content=\"Estimated reading time\" \/>\n\t<meta name=\"twitter:data1\" content=\"1 minute\" \/>\n<script type=\"application\/ld+json\" class=\"yoast-schema-graph\">{\"@context\":\"https:\\\/\\\/schema.org\",\"@graph\":[{\"@type\":\"WebPage\",\"@id\":\"https:\\\/\\\/saudadeflores.com\\\/produto\\\/ramo-g\\\/\",\"url\":\"https:\\\/\\\/saudadeflores.com\\\/produto\\\/ramo-g\\\/\",\"name\":\"Ramo G - Compre Flores Frescas | Saudade Flores\",\"isPartOf\":{\"@id\":\"https:\\\/\\\/saudadeflores.com\\\/#website\"},\"primaryImageOfPage\":{\"@id\":\"https:\\\/\\\/saudadeflores.com\\\/produto\\\/ramo-g\\\/#primaryimage\"},\"image\":{\"@id\":\"https:\\\/\\\/saudadeflores.com\\\/produto\\\/ramo-g\\\/#primaryimage\"},\"thumbnailUrl\":\"https:\\\/\\\/saudadeflores.com\\\/wp-content\\\/uploads\\\/2024\\\/05\\\/ramo-g-3.jpg\",\"datePublished\":\"2024-05-16T16:54:45+00:00\",\"dateModified\":\"2026-02-16T13:58:52+00:00\",\"description\":\"A procura de um ramo de flores? N\u00f3s temos uma s\u00e9rie de tamanhos dispon\u00edveis. Nosso Ramo G \u2013 Ramo Grande tem cerca de 15 p\u00e9s de flores mais verdes.\",\"breadcrumb\":{\"@id\":\"https:\\\/\\\/saudadeflores.com\\\/produto\\\/ramo-g\\\/#breadcrumb\"},\"inLanguage\":\"en-GB\",\"potentialAction\":[{\"@type\":\"ReadAction\",\"target\":[\"https:\\\/\\\/saudadeflores.com\\\/produto\\\/ramo-g\\\/\"]}]},{\"@type\":\"ImageObject\",\"inLanguage\":\"en-GB\",\"@id\":\"https:\\\/\\\/saudadeflores.com\\\/produto\\\/ramo-g\\\/#primaryimage\",\"url\":\"https:\\\/\\\/saudadeflores.com\\\/wp-content\\\/uploads\\\/2024\\\/05\\\/ramo-g-3.jpg\",\"contentUrl\":\"https:\\\/\\\/saudadeflores.com\\\/wp-content\\\/uploads\\\/2024\\\/05\\\/ramo-g-3.jpg\",\"width\":2371,\"height\":2371},{\"@type\":\"BreadcrumbList\",\"@id\":\"https:\\\/\\\/saudadeflores.com\\\/produto\\\/ramo-g\\\/#breadcrumb\",\"itemListElement\":[{\"@type\":\"ListItem\",\"position\":1,\"name\":\"In\u00edcio\",\"item\":\"https:\\\/\\\/saudadeflores.com\\\/\"},{\"@type\":\"ListItem\",\"position\":2,\"name\":\"Loja\",\"item\":\"https:\\\/\\\/saudadeflores.com\\\/loja\\\/\"},{\"@type\":\"ListItem\",\"position\":3,\"name\":\"Ramo G\"}]},{\"@type\":\"WebSite\",\"@id\":\"https:\\\/\\\/saudadeflores.com\\\/#website\",\"url\":\"https:\\\/\\\/saudadeflores.com\\\/\",\"name\":\"Saudade Flores\",\"description\":\"Florista\",\"publisher\":{\"@id\":\"https:\\\/\\\/saudadeflores.com\\\/#organization\"},\"potentialAction\":[{\"@type\":\"SearchAction\",\"target\":{\"@type\":\"EntryPoint\",\"urlTemplate\":\"https:\\\/\\\/saudadeflores.com\\\/?s={search_term_string}\"},\"query-input\":{\"@type\":\"PropertyValueSpecification\",\"valueRequired\":true,\"valueName\":\"search_term_string\"}}],\"inLanguage\":\"en-GB\"},{\"@type\":\"Organization\",\"@id\":\"https:\\\/\\\/saudadeflores.com\\\/#organization\",\"name\":\"Saudade Flores\",\"url\":\"https:\\\/\\\/saudadeflores.com\\\/\",\"logo\":{\"@type\":\"ImageObject\",\"inLanguage\":\"en-GB\",\"@id\":\"https:\\\/\\\/saudadeflores.com\\\/#\\\/schema\\\/logo\\\/image\\\/\",\"url\":\"\",\"contentUrl\":\"\",\"caption\":\"Saudade Flores\"},\"image\":{\"@id\":\"https:\\\/\\\/saudadeflores.com\\\/#\\\/schema\\\/logo\\\/image\\\/\"},\"sameAs\":[\"https:\\\/\\\/www.facebook.com\\\/saudadefloresfrescas\\\/\",\"https:\\\/\\\/www.instagram.com\\\/saudadeflores\\\/\"]}]}<\/script>\n<!-- \/ Yoast SEO plugin. -->","yoast_head_json":{"title":"Ramo G - Compre Flores Frescas | Saudade Flores","description":"A procura de um ramo de flores? N\u00f3s temos uma s\u00e9rie de tamanhos dispon\u00edveis. Nosso Ramo G \u2013 Ramo Grande tem cerca de 15 p\u00e9s de flores mais verdes.","robots":{"index":"index","follow":"follow","max-snippet":"max-snippet:-1","max-image-preview":"max-image-preview:large","max-video-preview":"max-video-preview:-1"},"canonical":"https:\/\/saudadeflores.com\/en\/produto\/ramo-g\/","og_locale":"en_GB","og_type":"article","og_title":"Ramo G - Compre Flores Frescas | Saudade Flores","og_description":"A procura de um ramo de flores? N\u00f3s temos uma s\u00e9rie de tamanhos dispon\u00edveis. Nosso Ramo G \u2013 Ramo Grande tem cerca de 15 p\u00e9s de flores mais verdes.","og_url":"https:\/\/saudadeflores.com\/en\/produto\/ramo-g\/","og_site_name":"Saudade Flores","article_publisher":"https:\/\/www.facebook.com\/saudadefloresfrescas\/","article_modified_time":"2026-02-16T13:58:52+00:00","og_image":[{"width":2371,"height":2371,"url":"https:\/\/saudadeflores.com\/wp-content\/uploads\/2024\/05\/ramo-g-3.jpg","type":"image\/jpeg"}],"twitter_card":"summary_large_image","twitter_misc":{"Estimated reading time":"1 minute"},"schema":{"@context":"https:\/\/schema.org","@graph":[{"@type":"WebPage","@id":"https:\/\/saudadeflores.com\/produto\/ramo-g\/","url":"https:\/\/saudadeflores.com\/produto\/ramo-g\/","name":"Ramo G - Compre Flores Frescas | Saudade Flores","isPartOf":{"@id":"https:\/\/saudadeflores.com\/#website"},"primaryImageOfPage":{"@id":"https:\/\/saudadeflores.com\/produto\/ramo-g\/#primaryimage"},"image":{"@id":"https:\/\/saudadeflores.com\/produto\/ramo-g\/#primaryimage"},"thumbnailUrl":"https:\/\/saudadeflores.com\/wp-content\/uploads\/2024\/05\/ramo-g-3.jpg","datePublished":"2024-05-16T16:54:45+00:00","dateModified":"2026-02-16T13:58:52+00:00","description":"A procura de um ramo de flores? N\u00f3s temos uma s\u00e9rie de tamanhos dispon\u00edveis. Nosso Ramo G \u2013 Ramo Grande tem cerca de 15 p\u00e9s de flores mais verdes.","breadcrumb":{"@id":"https:\/\/saudadeflores.com\/produto\/ramo-g\/#breadcrumb"},"inLanguage":"en-GB","potentialAction":[{"@type":"ReadAction","target":["https:\/\/saudadeflores.com\/produto\/ramo-g\/"]}]},{"@type":"ImageObject","inLanguage":"en-GB","@id":"https:\/\/saudadeflores.com\/produto\/ramo-g\/#primaryimage","url":"https:\/\/saudadeflores.com\/wp-content\/uploads\/2024\/05\/ramo-g-3.jpg","contentUrl":"https:\/\/saudadeflores.com\/wp-content\/uploads\/2024\/05\/ramo-g-3.jpg","width":2371,"height":2371},{"@type":"BreadcrumbList","@id":"https:\/\/saudadeflores.com\/produto\/ramo-g\/#breadcrumb","itemListElement":[{"@type":"ListItem","position":1,"name":"In\u00edcio","item":"https:\/\/saudadeflores.com\/"},{"@type":"ListItem","position":2,"name":"Loja","item":"https:\/\/saudadeflores.com\/loja\/"},{"@type":"ListItem","position":3,"name":"Ramo G"}]},{"@type":"WebSite","@id":"https:\/\/saudadeflores.com\/#website","url":"https:\/\/saudadeflores.com\/","name":"Saudade Flores","description":"Florista","publisher":{"@id":"https:\/\/saudadeflores.com\/#organization"},"potentialAction":[{"@type":"SearchAction","target":{"@type":"EntryPoint","urlTemplate":"https:\/\/saudadeflores.com\/?s={search_term_string}"},"query-input":{"@type":"PropertyValueSpecification","valueRequired":true,"valueName":"search_term_string"}}],"inLanguage":"en-GB"},{"@type":"Organization","@id":"https:\/\/saudadeflores.com\/#organization","name":"Saudade Flores","url":"https:\/\/saudadeflores.com\/","logo":{"@type":"ImageObject","inLanguage":"en-GB","@id":"https:\/\/saudadeflores.com\/#\/schema\/logo\/image\/","url":"","contentUrl":"","caption":"Saudade Flores"},"image":{"@id":"https:\/\/saudadeflores.com\/#\/schema\/logo\/image\/"},"sameAs":["https:\/\/www.facebook.com\/saudadefloresfrescas\/","https:\/\/www.instagram.com\/saudadeflores\/"]}]}},"_links":{"self":[{"href":"https:\/\/saudadeflores.com\/en\/wp-json\/wp\/v2\/product\/420","targetHints":{"allow":["GET"]}}],"collection":[{"href":"https:\/\/saudadeflores.com\/en\/wp-json\/wp\/v2\/product"}],"about":[{"href":"https:\/\/saudadeflores.com\/en\/wp-json\/wp\/v2\/types\/product"}],"replies":[{"embeddable":true,"href":"https:\/\/saudadeflores.com\/en\/wp-json\/wp\/v2\/comments?post=420"}],"wp:featuredmedia":[{"embeddable":true,"href":"https:\/\/saudadeflores.com\/en\/wp-json\/wp\/v2\/media\/1031"}],"wp:attachment":[{"href":"https:\/\/saudadeflores.com\/en\/wp-json\/wp\/v2\/media?parent=420"}],"wp:term":[{"taxonomy":"product_brand","embeddable":true,"href":"https:\/\/saudadeflores.com\/en\/wp-json\/wp\/v2\/product_brand?post=420"},{"taxonomy":"product_cat","embeddable":true,"href":"https:\/\/saudadeflores.com\/en\/wp-json\/wp\/v2\/product_cat?post=420"},{"taxonomy":"product_tag","embeddable":true,"href":"https:\/\/saudadeflores.com\/en\/wp-json\/wp\/v2\/product_tag?post=420"}],"curies":[{"name":"wp","href":"https:\/\/api.w.org\/{rel}","templated":true}]}}