{"id":746,"date":"2024-05-16T16:55:43","date_gmt":"2024-05-16T16:55:43","guid":{"rendered":"https:\/\/saudadeflores.com\/?post_type=product&#038;p=746"},"modified":"2026-04-08T15:51:15","modified_gmt":"2026-04-08T14:51:15","slug":"ramo-imenso-especial-dia-da-mae","status":"publish","type":"product","link":"https:\/\/saudadeflores.com\/en\/product\/ramo-imenso-especial-dia-da-mae\/","title":{"rendered":"MASSIVE bouquet Mother's Day special"},"content":{"rendered":"<p>Our famous ESPULPTURAL bouquet composed with a selection of special varieties of flowers on a delicate and vibrant color palette.<\/p>\n<p>Composed with aprox. 25 steams of flowers as roses, delfinium, hydrangea, camomile and fresias. Wrapped on premium paper and satin ribbon finnishing.<\/p>\n<p>Available only between 2nd and 5th may.<\/p>","protected":false},"excerpt":{"rendered":"<p>Our famous ESPULPTURAL bouquet composed with a selection of special varieties of flowers on a delicate and vibrant color palette.<\/p>\n<p>Composed with aprox. 25 steams of flowers as roses, delfinium, hydrangea, camomile and fresias. Wrapped on premium paper and satin ribbon finnishing.<\/p>\n<p>Available only between 2nd and 5th may.<\/p>","protected":false},"featured_media":25312,"comment_status":"open","ping_status":"closed","template":"","meta":[],"product_brand":[],"product_cat":[66],"product_tag":[111,79,197,196,198,160,191,75,192,193,166,33,147,148,170,171,110],"class_list":{"0":"post-746","1":"product","2":"type-product","3":"status-publish","4":"has-post-thumbnail","6":"product_cat-dia-da-mae","7":"product_tag-big-bouquet","8":"product_tag-dia-da-mae","9":"product_tag-hortencia","10":"product_tag-hortense","11":"product_tag-hydrangea","12":"product_tag-imenso","13":"product_tag-mae","14":"product_tag-massive","15":"product_tag-mother","16":"product_tag-mothers-day","17":"product_tag-primavera","18":"product_tag-ramos","19":"product_tag-rosas","20":"product_tag-roses","21":"product_tag-spring","22":"product_tag-spring-special","23":"product_tag-xxl","25":"first","26":"instock","27":"shipping-taxable","28":"purchasable","29":"product-type-simple"},"yoast_head":"<!-- This site is optimized with the Yoast SEO plugin v27.4 - https:\/\/yoast.com\/product\/yoast-seo-wordpress\/ -->\n<title>Ramo Imenso Especial Dia da M\u00e3e - Saudade Flores<\/title>\n<meta name=\"description\" content=\"O nosso famoso ramo imenso, com explos\u00e3o de flores especiais em uma paleta de cores delicada e vibrante, pois a m\u00e3e merece!\" \/>\n<meta name=\"robots\" content=\"index, follow, max-snippet:-1, max-image-preview:large, max-video-preview:-1\" \/>\n<link rel=\"canonical\" href=\"https:\/\/saudadeflores.com\/en\/produto\/ramo-imenso-especial-dia-da-mae\/\" \/>\n<meta property=\"og:locale\" content=\"en_GB\" \/>\n<meta property=\"og:type\" content=\"article\" \/>\n<meta property=\"og:title\" content=\"Ramo Imenso Especial Dia da M\u00e3e - Saudade Flores\" \/>\n<meta property=\"og:description\" content=\"O nosso famoso ramo imenso, com explos\u00e3o de flores especiais em uma paleta de cores delicada e vibrante, pois a m\u00e3e merece!\" \/>\n<meta property=\"og:url\" content=\"https:\/\/saudadeflores.com\/en\/produto\/ramo-imenso-especial-dia-da-mae\/\" \/>\n<meta property=\"og:site_name\" content=\"Saudade Flores\" \/>\n<meta property=\"article:publisher\" content=\"https:\/\/www.facebook.com\/saudadefloresfrescas\/\" \/>\n<meta property=\"article:modified_time\" content=\"2026-04-08T14:51:15+00:00\" \/>\n<meta property=\"og:image\" content=\"https:\/\/saudadeflores.com\/wp-content\/uploads\/2024\/05\/884A9979-28-ATME.jpg\" \/>\n\t<meta property=\"og:image:width\" content=\"1000\" \/>\n\t<meta property=\"og:image:height\" content=\"1000\" \/>\n\t<meta property=\"og:image:type\" content=\"image\/jpeg\" \/>\n<meta name=\"twitter:card\" content=\"summary_large_image\" \/>\n<meta name=\"twitter:label1\" content=\"Estimated reading time\" \/>\n\t<meta name=\"twitter:data1\" content=\"1 minute\" \/>\n<script type=\"application\/ld+json\" class=\"yoast-schema-graph\">{\"@context\":\"https:\\\/\\\/schema.org\",\"@graph\":[{\"@type\":\"WebPage\",\"@id\":\"https:\\\/\\\/saudadeflores.com\\\/produto\\\/ramo-imenso-especial-dia-da-mae\\\/\",\"url\":\"https:\\\/\\\/saudadeflores.com\\\/produto\\\/ramo-imenso-especial-dia-da-mae\\\/\",\"name\":\"Ramo Imenso Especial Dia da M\u00e3e - Saudade Flores\",\"isPartOf\":{\"@id\":\"https:\\\/\\\/saudadeflores.com\\\/#website\"},\"primaryImageOfPage\":{\"@id\":\"https:\\\/\\\/saudadeflores.com\\\/produto\\\/ramo-imenso-especial-dia-da-mae\\\/#primaryimage\"},\"image\":{\"@id\":\"https:\\\/\\\/saudadeflores.com\\\/produto\\\/ramo-imenso-especial-dia-da-mae\\\/#primaryimage\"},\"thumbnailUrl\":\"https:\\\/\\\/saudadeflores.com\\\/wp-content\\\/uploads\\\/2024\\\/05\\\/884A9979-28-ATME.jpg\",\"datePublished\":\"2024-05-16T16:55:43+00:00\",\"dateModified\":\"2026-04-08T14:51:15+00:00\",\"description\":\"O nosso famoso ramo imenso, com explos\u00e3o de flores especiais em uma paleta de cores delicada e vibrante, pois a m\u00e3e merece!\",\"breadcrumb\":{\"@id\":\"https:\\\/\\\/saudadeflores.com\\\/produto\\\/ramo-imenso-especial-dia-da-mae\\\/#breadcrumb\"},\"inLanguage\":\"en-GB\",\"potentialAction\":[{\"@type\":\"ReadAction\",\"target\":[\"https:\\\/\\\/saudadeflores.com\\\/produto\\\/ramo-imenso-especial-dia-da-mae\\\/\"]}]},{\"@type\":\"ImageObject\",\"inLanguage\":\"en-GB\",\"@id\":\"https:\\\/\\\/saudadeflores.com\\\/produto\\\/ramo-imenso-especial-dia-da-mae\\\/#primaryimage\",\"url\":\"https:\\\/\\\/saudadeflores.com\\\/wp-content\\\/uploads\\\/2024\\\/05\\\/884A9979-28-ATME.jpg\",\"contentUrl\":\"https:\\\/\\\/saudadeflores.com\\\/wp-content\\\/uploads\\\/2024\\\/05\\\/884A9979-28-ATME.jpg\",\"width\":1000,\"height\":1000},{\"@type\":\"BreadcrumbList\",\"@id\":\"https:\\\/\\\/saudadeflores.com\\\/produto\\\/ramo-imenso-especial-dia-da-mae\\\/#breadcrumb\",\"itemListElement\":[{\"@type\":\"ListItem\",\"position\":1,\"name\":\"In\u00edcio\",\"item\":\"https:\\\/\\\/saudadeflores.com\\\/\"},{\"@type\":\"ListItem\",\"position\":2,\"name\":\"Loja\",\"item\":\"https:\\\/\\\/saudadeflores.com\\\/loja\\\/\"},{\"@type\":\"ListItem\",\"position\":3,\"name\":\"Ramo Imenso Especial Dia da M\u00e3e\"}]},{\"@type\":\"WebSite\",\"@id\":\"https:\\\/\\\/saudadeflores.com\\\/#website\",\"url\":\"https:\\\/\\\/saudadeflores.com\\\/\",\"name\":\"Saudade Flores\",\"description\":\"Florista\",\"publisher\":{\"@id\":\"https:\\\/\\\/saudadeflores.com\\\/#organization\"},\"potentialAction\":[{\"@type\":\"SearchAction\",\"target\":{\"@type\":\"EntryPoint\",\"urlTemplate\":\"https:\\\/\\\/saudadeflores.com\\\/?s={search_term_string}\"},\"query-input\":{\"@type\":\"PropertyValueSpecification\",\"valueRequired\":true,\"valueName\":\"search_term_string\"}}],\"inLanguage\":\"en-GB\"},{\"@type\":\"Organization\",\"@id\":\"https:\\\/\\\/saudadeflores.com\\\/#organization\",\"name\":\"Saudade Flores\",\"url\":\"https:\\\/\\\/saudadeflores.com\\\/\",\"logo\":{\"@type\":\"ImageObject\",\"inLanguage\":\"en-GB\",\"@id\":\"https:\\\/\\\/saudadeflores.com\\\/#\\\/schema\\\/logo\\\/image\\\/\",\"url\":\"\",\"contentUrl\":\"\",\"caption\":\"Saudade Flores\"},\"image\":{\"@id\":\"https:\\\/\\\/saudadeflores.com\\\/#\\\/schema\\\/logo\\\/image\\\/\"},\"sameAs\":[\"https:\\\/\\\/www.facebook.com\\\/saudadefloresfrescas\\\/\",\"https:\\\/\\\/www.instagram.com\\\/saudadeflores\\\/\"]}]}<\/script>\n<!-- \/ Yoast SEO plugin. -->","yoast_head_json":{"title":"Ramo Imenso Especial Dia da M\u00e3e - Saudade Flores","description":"Our famous ESPULPTURAL bouquet composed with a selection of special varieties of flowers on a delicate and vibrant color palette.","robots":{"index":"index","follow":"follow","max-snippet":"max-snippet:-1","max-image-preview":"max-image-preview:large","max-video-preview":"max-video-preview:-1"},"canonical":"https:\/\/saudadeflores.com\/en\/produto\/ramo-imenso-especial-dia-da-mae\/","og_locale":"en_GB","og_type":"article","og_title":"Ramo Imenso Especial Dia da M\u00e3e - Saudade Flores","og_description":"O nosso famoso ramo imenso, com explos\u00e3o de flores especiais em uma paleta de cores delicada e vibrante, pois a m\u00e3e merece!","og_url":"https:\/\/saudadeflores.com\/en\/produto\/ramo-imenso-especial-dia-da-mae\/","og_site_name":"Saudade Flores","article_publisher":"https:\/\/www.facebook.com\/saudadefloresfrescas\/","article_modified_time":"2026-04-08T14:51:15+00:00","og_image":[{"width":1000,"height":1000,"url":"https:\/\/saudadeflores.com\/wp-content\/uploads\/2024\/05\/884A9979-28-ATME.jpg","type":"image\/jpeg"}],"twitter_card":"summary_large_image","twitter_misc":{"Estimated reading time":"1 minute"},"schema":{"@context":"https:\/\/schema.org","@graph":[{"@type":"WebPage","@id":"https:\/\/saudadeflores.com\/produto\/ramo-imenso-especial-dia-da-mae\/","url":"https:\/\/saudadeflores.com\/produto\/ramo-imenso-especial-dia-da-mae\/","name":"Ramo Imenso Especial Dia da M\u00e3e - Saudade Flores","isPartOf":{"@id":"https:\/\/saudadeflores.com\/#website"},"primaryImageOfPage":{"@id":"https:\/\/saudadeflores.com\/produto\/ramo-imenso-especial-dia-da-mae\/#primaryimage"},"image":{"@id":"https:\/\/saudadeflores.com\/produto\/ramo-imenso-especial-dia-da-mae\/#primaryimage"},"thumbnailUrl":"https:\/\/saudadeflores.com\/wp-content\/uploads\/2024\/05\/884A9979-28-ATME.jpg","datePublished":"2024-05-16T16:55:43+00:00","dateModified":"2026-04-08T14:51:15+00:00","description":"Our famous ESPULPTURAL bouquet composed with a selection of special varieties of flowers on a delicate and vibrant color palette.","breadcrumb":{"@id":"https:\/\/saudadeflores.com\/produto\/ramo-imenso-especial-dia-da-mae\/#breadcrumb"},"inLanguage":"en-GB","potentialAction":[{"@type":"ReadAction","target":["https:\/\/saudadeflores.com\/produto\/ramo-imenso-especial-dia-da-mae\/"]}]},{"@type":"ImageObject","inLanguage":"en-GB","@id":"https:\/\/saudadeflores.com\/produto\/ramo-imenso-especial-dia-da-mae\/#primaryimage","url":"https:\/\/saudadeflores.com\/wp-content\/uploads\/2024\/05\/884A9979-28-ATME.jpg","contentUrl":"https:\/\/saudadeflores.com\/wp-content\/uploads\/2024\/05\/884A9979-28-ATME.jpg","width":1000,"height":1000},{"@type":"BreadcrumbList","@id":"https:\/\/saudadeflores.com\/produto\/ramo-imenso-especial-dia-da-mae\/#breadcrumb","itemListElement":[{"@type":"ListItem","position":1,"name":"In\u00edcio","item":"https:\/\/saudadeflores.com\/"},{"@type":"ListItem","position":2,"name":"Loja","item":"https:\/\/saudadeflores.com\/loja\/"},{"@type":"ListItem","position":3,"name":"Ramo Imenso Especial Dia da M\u00e3e"}]},{"@type":"WebSite","@id":"https:\/\/saudadeflores.com\/#website","url":"https:\/\/saudadeflores.com\/","name":"Saudade Flores","description":"Florista","publisher":{"@id":"https:\/\/saudadeflores.com\/#organization"},"potentialAction":[{"@type":"SearchAction","target":{"@type":"EntryPoint","urlTemplate":"https:\/\/saudadeflores.com\/?s={search_term_string}"},"query-input":{"@type":"PropertyValueSpecification","valueRequired":true,"valueName":"search_term_string"}}],"inLanguage":"en-GB"},{"@type":"Organization","@id":"https:\/\/saudadeflores.com\/#organization","name":"Saudade Flores","url":"https:\/\/saudadeflores.com\/","logo":{"@type":"ImageObject","inLanguage":"en-GB","@id":"https:\/\/saudadeflores.com\/#\/schema\/logo\/image\/","url":"","contentUrl":"","caption":"Saudade Flores"},"image":{"@id":"https:\/\/saudadeflores.com\/#\/schema\/logo\/image\/"},"sameAs":["https:\/\/www.facebook.com\/saudadefloresfrescas\/","https:\/\/www.instagram.com\/saudadeflores\/"]}]}},"_links":{"self":[{"href":"https:\/\/saudadeflores.com\/en\/wp-json\/wp\/v2\/product\/746","targetHints":{"allow":["GET"]}}],"collection":[{"href":"https:\/\/saudadeflores.com\/en\/wp-json\/wp\/v2\/product"}],"about":[{"href":"https:\/\/saudadeflores.com\/en\/wp-json\/wp\/v2\/types\/product"}],"replies":[{"embeddable":true,"href":"https:\/\/saudadeflores.com\/en\/wp-json\/wp\/v2\/comments?post=746"}],"wp:featuredmedia":[{"embeddable":true,"href":"https:\/\/saudadeflores.com\/en\/wp-json\/wp\/v2\/media\/25312"}],"wp:attachment":[{"href":"https:\/\/saudadeflores.com\/en\/wp-json\/wp\/v2\/media?parent=746"}],"wp:term":[{"taxonomy":"product_brand","embeddable":true,"href":"https:\/\/saudadeflores.com\/en\/wp-json\/wp\/v2\/product_brand?post=746"},{"taxonomy":"product_cat","embeddable":true,"href":"https:\/\/saudadeflores.com\/en\/wp-json\/wp\/v2\/product_cat?post=746"},{"taxonomy":"product_tag","embeddable":true,"href":"https:\/\/saudadeflores.com\/en\/wp-json\/wp\/v2\/product_tag?post=746"}],"curies":[{"name":"wp","href":"https:\/\/api.w.org\/{rel}","templated":true}]}}